{"id":92,"date":"2018-12-14T12:38:18","date_gmt":"2018-12-14T12:38:18","guid":{"rendered":"https:\/\/www.akademiaslovenciny.sk\/wp?page_id=92"},"modified":"2020-10-19T10:37:55","modified_gmt":"2020-10-19T10:37:55","slug":"slovak-language-school","status":"publish","type":"page","link":"https:\/\/www.akademiaslovenciny.sk\/en\/slovak-language-school","title":{"rendered":"Language school"},"content":{"rendered":"\r\n<h1 class=\"wp-block-heading\" style=\"text-align: center;\">Your language school for Slovak in Bratislava<\/h1>\r\n\r\n<h2><strong>Akad\u00e9miaSloven\u010diny &#8211; quality slovak courses<\/strong><\/h2>\r\n<p>Akad\u00e9miaSloven\u010diny belongs to a group of schools teaching German, English, French and Slovak. Akad\u00e9miaSloven\u010diny benefits from the experience of our schools in Vienna, Munich, Hamburg and Berlin: Highest quality and reasonnable prices.<\/p>\r\n<p><img decoding=\"async\" class=\"alignnone wp-image-527 size-medium\" src=\"https:\/\/www.akademiaslovenciny.sk\/wp\/wp-content\/uploads\/2020\/02\/9.2-scaled-e1582199914468-620x379.jpg\" alt=\"\" width=\"620\" height=\"379\" srcset=\"https:\/\/www.akademiaslovenciny.sk\/wp-content\/uploads\/2020\/02\/9.2-scaled-e1582199914468-620x379.jpg 620w, https:\/\/www.akademiaslovenciny.sk\/wp-content\/uploads\/2020\/02\/9.2-scaled-e1582199914468-960x587.jpg 960w, https:\/\/www.akademiaslovenciny.sk\/wp-content\/uploads\/2020\/02\/9.2-scaled-e1582199914468-768x469.jpg 768w, https:\/\/www.akademiaslovenciny.sk\/wp-content\/uploads\/2020\/02\/9.2-scaled-e1582199914468-1536x939.jpg 1536w, https:\/\/www.akademiaslovenciny.sk\/wp-content\/uploads\/2020\/02\/9.2-scaled-e1582199914468-2048x1252.jpg 2048w\" sizes=\"(max-width: 620px) 100vw, 620px\" \/><\/p>\r\n<h2><strong>Slovak course Bratislava <\/strong><\/h2>\r\n<p>Our language schools are well-known for their highest standards and their competitve prices. Our aim is to offer you the best slovak course.<\/p>\r\n<p><img decoding=\"async\" class=\"alignnone size-medium wp-image-524\" src=\"https:\/\/www.akademiaslovenciny.sk\/wp\/wp-content\/uploads\/2020\/02\/5-scaled-e1582199958348-620x409.jpg\" alt=\"\" width=\"620\" height=\"409\" srcset=\"https:\/\/www.akademiaslovenciny.sk\/wp-content\/uploads\/2020\/02\/5-scaled-e1582199958348-620x409.jpg 620w, https:\/\/www.akademiaslovenciny.sk\/wp-content\/uploads\/2020\/02\/5-scaled-e1582199958348-960x634.jpg 960w, https:\/\/www.akademiaslovenciny.sk\/wp-content\/uploads\/2020\/02\/5-scaled-e1582199958348-768x507.jpg 768w, https:\/\/www.akademiaslovenciny.sk\/wp-content\/uploads\/2020\/02\/5-scaled-e1582199958348-1536x1014.jpg 1536w, https:\/\/www.akademiaslovenciny.sk\/wp-content\/uploads\/2020\/02\/5-scaled-e1582199958348-2048x1352.jpg 2048w\" sizes=\"(max-width: 620px) 100vw, 620px\" \/><\/p>\r\n<h2 style=\"text-align: left;\" align=\"center\">Book your Slovak course Bratislava<\/h2>\r\n<p><a href=\"https:\/\/www.akademiaslovenciny.sk\/en\/opening-hours-akademiaslovenciny\">Opening hours<\/a><\/p>\r\n<p><a href=\"https:\/\/www.akademiaslovenciny.sk\/en\/slovak-course-registration\">Book your Slovak Course here<\/a><\/p>\r\n<p><img decoding=\"async\" src=\"http:\/\/www.akademiaslovenciny.sk\/allebilder\/grafiken\/phone.gif\" alt=\"\" width=\"18\" height=\"18\" \/>\u00a0+421 2 38 10 14 16<br \/><img decoding=\"async\" src=\"http:\/\/www.akademiaslovenciny.sk\/allebilder\/grafiken\/MAIL.gif\" alt=\"\" width=\"18\" height=\"18\" \/>\u00a0<a href=\"&#x6d;&#x61;&#105;&#108;&#116;o&#x3a;&#x69;&#x6e;&#102;&#111;&#64;a&#x6b;&#x61;&#x64;&#101;&#109;i&#x61;&#x73;&#x6c;&#111;&#118;&#101;n&#x63;&#x69;&#x6e;&#121;&#46;sk\">info&#64;aka&#100;&#101;&#109;&#105;&#97;&#115;&#108;&#111;&#118;&#101;&#x6e;&#x63;&#x69;&#x6e;&#x79;&#x2e;&#x73;&#x6b;<\/a><\/p>\r\n<p>Akad\u00e9miaSloven\u010diny<br \/>Language School for Slovak language <br \/>Pansk\u00e1 17<br \/>81101 Bratislava -Star\u00e9 Mesto<br \/>Slovakia<\/p>","protected":false},"excerpt":{"rendered":"<p>Your language school for Slovak in Bratislava Akad\u00e9miaSloven\u010diny &#8211; quality slovak courses Akad\u00e9miaSloven\u010diny belongs to a group of schools teaching German, English, French and Slovak. Akad\u00e9miaSloven\u010diny benefits from the experience of our schools in Vienna, Munich, Hamburg and Berlin: Highest quality and reasonnable prices. Slovak course Bratislava Our language schools are well-known for their highest [&hellip;]<\/p>\n","protected":false},"author":1,"featured_media":0,"parent":0,"menu_order":100,"comment_status":"closed","ping_status":"closed","template":"","meta":{"footnotes":""},"yoast_head":"<!-- This site is optimized with the Yoast SEO plugin v22.4 - https:\/\/yoast.com\/wordpress\/plugins\/seo\/ -->\n<title>Language school - AkademiaSlovenciny<\/title>\n<meta name=\"robots\" content=\"index, follow, max-snippet:-1, max-image-preview:large, max-video-preview:-1\" \/>\n<link rel=\"canonical\" href=\"https:\/\/www.akademiaslovenciny.sk\/en\/slovak-language-school\" \/>\n<meta property=\"og:locale\" content=\"en_US\" \/>\n<meta property=\"og:type\" content=\"article\" \/>\n<meta property=\"og:title\" content=\"Language school - AkademiaSlovenciny\" \/>\n<meta property=\"og:description\" content=\"Your language school for Slovak in Bratislava Akad\u00e9miaSloven\u010diny &#8211; quality slovak courses Akad\u00e9miaSloven\u010diny belongs to a group of schools teaching German, English, French and Slovak. Akad\u00e9miaSloven\u010diny benefits from the experience of our schools in Vienna, Munich, Hamburg and Berlin: Highest quality and reasonnable prices. Slovak course Bratislava Our language schools are well-known for their highest [&hellip;]\" \/>\n<meta property=\"og:url\" content=\"https:\/\/www.akademiaslovenciny.sk\/en\/slovak-language-school\" \/>\n<meta property=\"og:site_name\" content=\"AkademiaSlovenciny\" \/>\n<meta property=\"article:modified_time\" content=\"2020-10-19T10:37:55+00:00\" \/>\n<meta property=\"og:image\" content=\"https:\/\/www.akademiaslovenciny.sk\/wp\/wp-content\/uploads\/2020\/02\/9.2-scaled-e1582199914468-620x379.jpg\" \/>\n<meta name=\"twitter:card\" content=\"summary_large_image\" \/>\n<meta name=\"twitter:label1\" content=\"Est. reading time\" \/>\n\t<meta name=\"twitter:data1\" content=\"1 minute\" \/>\n<script type=\"application\/ld+json\" class=\"yoast-schema-graph\">{\"@context\":\"https:\/\/schema.org\",\"@graph\":[{\"@type\":\"WebPage\",\"@id\":\"https:\/\/www.akademiaslovenciny.sk\/en\/slovak-language-school\",\"url\":\"https:\/\/www.akademiaslovenciny.sk\/en\/slovak-language-school\",\"name\":\"Language school - AkademiaSlovenciny\",\"isPartOf\":{\"@id\":\"https:\/\/www.akademiaslovenciny.sk\/de\/#website\"},\"primaryImageOfPage\":{\"@id\":\"https:\/\/www.akademiaslovenciny.sk\/en\/slovak-language-school#primaryimage\"},\"image\":{\"@id\":\"https:\/\/www.akademiaslovenciny.sk\/en\/slovak-language-school#primaryimage\"},\"thumbnailUrl\":\"https:\/\/www.akademiaslovenciny.sk\/wp\/wp-content\/uploads\/2020\/02\/9.2-scaled-e1582199914468-620x379.jpg\",\"datePublished\":\"2018-12-14T12:38:18+00:00\",\"dateModified\":\"2020-10-19T10:37:55+00:00\",\"breadcrumb\":{\"@id\":\"https:\/\/www.akademiaslovenciny.sk\/en\/slovak-language-school#breadcrumb\"},\"inLanguage\":\"en-US\",\"potentialAction\":[{\"@type\":\"ReadAction\",\"target\":[\"https:\/\/www.akademiaslovenciny.sk\/en\/slovak-language-school\"]}]},{\"@type\":\"ImageObject\",\"inLanguage\":\"en-US\",\"@id\":\"https:\/\/www.akademiaslovenciny.sk\/en\/slovak-language-school#primaryimage\",\"url\":\"https:\/\/www.akademiaslovenciny.sk\/wp\/wp-content\/uploads\/2020\/02\/9.2-scaled-e1582199914468-620x379.jpg\",\"contentUrl\":\"https:\/\/www.akademiaslovenciny.sk\/wp\/wp-content\/uploads\/2020\/02\/9.2-scaled-e1582199914468-620x379.jpg\"},{\"@type\":\"BreadcrumbList\",\"@id\":\"https:\/\/www.akademiaslovenciny.sk\/en\/slovak-language-school#breadcrumb\",\"itemListElement\":[{\"@type\":\"ListItem\",\"position\":1,\"name\":\"Startseite\",\"item\":\"https:\/\/www.akademiaslovenciny.sk\/en\"},{\"@type\":\"ListItem\",\"position\":2,\"name\":\"Language school\"}]},{\"@type\":\"WebSite\",\"@id\":\"https:\/\/www.akademiaslovenciny.sk\/de\/#website\",\"url\":\"https:\/\/www.akademiaslovenciny.sk\/de\/\",\"name\":\"AkademiaSlovenciny\",\"description\":\"Kurz sloven\u010diny v Bratislave\",\"potentialAction\":[{\"@type\":\"SearchAction\",\"target\":{\"@type\":\"EntryPoint\",\"urlTemplate\":\"https:\/\/www.akademiaslovenciny.sk\/de\/?s={search_term_string}\"},\"query-input\":\"required name=search_term_string\"}],\"inLanguage\":\"en-US\"}]}<\/script>\n<!-- \/ Yoast SEO plugin. -->","yoast_head_json":{"title":"Language school - AkademiaSlovenciny","robots":{"index":"index","follow":"follow","max-snippet":"max-snippet:-1","max-image-preview":"max-image-preview:large","max-video-preview":"max-video-preview:-1"},"canonical":"https:\/\/www.akademiaslovenciny.sk\/en\/slovak-language-school","og_locale":"en_US","og_type":"article","og_title":"Language school - AkademiaSlovenciny","og_description":"Your language school for Slovak in Bratislava Akad\u00e9miaSloven\u010diny &#8211; quality slovak courses Akad\u00e9miaSloven\u010diny belongs to a group of schools teaching German, English, French and Slovak. Akad\u00e9miaSloven\u010diny benefits from the experience of our schools in Vienna, Munich, Hamburg and Berlin: Highest quality and reasonnable prices. Slovak course Bratislava Our language schools are well-known for their highest [&hellip;]","og_url":"https:\/\/www.akademiaslovenciny.sk\/en\/slovak-language-school","og_site_name":"AkademiaSlovenciny","article_modified_time":"2020-10-19T10:37:55+00:00","og_image":[{"url":"https:\/\/www.akademiaslovenciny.sk\/wp\/wp-content\/uploads\/2020\/02\/9.2-scaled-e1582199914468-620x379.jpg"}],"twitter_card":"summary_large_image","twitter_misc":{"Est. reading time":"1 minute"},"schema":{"@context":"https:\/\/schema.org","@graph":[{"@type":"WebPage","@id":"https:\/\/www.akademiaslovenciny.sk\/en\/slovak-language-school","url":"https:\/\/www.akademiaslovenciny.sk\/en\/slovak-language-school","name":"Language school - AkademiaSlovenciny","isPartOf":{"@id":"https:\/\/www.akademiaslovenciny.sk\/de\/#website"},"primaryImageOfPage":{"@id":"https:\/\/www.akademiaslovenciny.sk\/en\/slovak-language-school#primaryimage"},"image":{"@id":"https:\/\/www.akademiaslovenciny.sk\/en\/slovak-language-school#primaryimage"},"thumbnailUrl":"https:\/\/www.akademiaslovenciny.sk\/wp\/wp-content\/uploads\/2020\/02\/9.2-scaled-e1582199914468-620x379.jpg","datePublished":"2018-12-14T12:38:18+00:00","dateModified":"2020-10-19T10:37:55+00:00","breadcrumb":{"@id":"https:\/\/www.akademiaslovenciny.sk\/en\/slovak-language-school#breadcrumb"},"inLanguage":"en-US","potentialAction":[{"@type":"ReadAction","target":["https:\/\/www.akademiaslovenciny.sk\/en\/slovak-language-school"]}]},{"@type":"ImageObject","inLanguage":"en-US","@id":"https:\/\/www.akademiaslovenciny.sk\/en\/slovak-language-school#primaryimage","url":"https:\/\/www.akademiaslovenciny.sk\/wp\/wp-content\/uploads\/2020\/02\/9.2-scaled-e1582199914468-620x379.jpg","contentUrl":"https:\/\/www.akademiaslovenciny.sk\/wp\/wp-content\/uploads\/2020\/02\/9.2-scaled-e1582199914468-620x379.jpg"},{"@type":"BreadcrumbList","@id":"https:\/\/www.akademiaslovenciny.sk\/en\/slovak-language-school#breadcrumb","itemListElement":[{"@type":"ListItem","position":1,"name":"Startseite","item":"https:\/\/www.akademiaslovenciny.sk\/en"},{"@type":"ListItem","position":2,"name":"Language school"}]},{"@type":"WebSite","@id":"https:\/\/www.akademiaslovenciny.sk\/de\/#website","url":"https:\/\/www.akademiaslovenciny.sk\/de\/","name":"AkademiaSlovenciny","description":"Kurz sloven\u010diny v Bratislave","potentialAction":[{"@type":"SearchAction","target":{"@type":"EntryPoint","urlTemplate":"https:\/\/www.akademiaslovenciny.sk\/de\/?s={search_term_string}"},"query-input":"required name=search_term_string"}],"inLanguage":"en-US"}]}},"_links":{"self":[{"href":"https:\/\/www.akademiaslovenciny.sk\/en\/wp-json\/wp\/v2\/pages\/92"}],"collection":[{"href":"https:\/\/www.akademiaslovenciny.sk\/en\/wp-json\/wp\/v2\/pages"}],"about":[{"href":"https:\/\/www.akademiaslovenciny.sk\/en\/wp-json\/wp\/v2\/types\/page"}],"author":[{"embeddable":true,"href":"https:\/\/www.akademiaslovenciny.sk\/en\/wp-json\/wp\/v2\/users\/1"}],"replies":[{"embeddable":true,"href":"https:\/\/www.akademiaslovenciny.sk\/en\/wp-json\/wp\/v2\/comments?post=92"}],"version-history":[{"count":15,"href":"https:\/\/www.akademiaslovenciny.sk\/en\/wp-json\/wp\/v2\/pages\/92\/revisions"}],"predecessor-version":[{"id":649,"href":"https:\/\/www.akademiaslovenciny.sk\/en\/wp-json\/wp\/v2\/pages\/92\/revisions\/649"}],"wp:attachment":[{"href":"https:\/\/www.akademiaslovenciny.sk\/en\/wp-json\/wp\/v2\/media?parent=92"}],"curies":[{"name":"wp","href":"https:\/\/api.w.org\/{rel}","templated":true}]}}