{"id":248,"date":"2018-12-15T16:27:59","date_gmt":"2018-12-15T16:27:59","guid":{"rendered":"https:\/\/www.akademiaslovenciny.sk\/wp?page_id=248"},"modified":"2019-02-28T12:39:36","modified_gmt":"2019-02-28T12:39:36","slug":"payment","status":"publish","type":"page","link":"https:\/\/www.akademiaslovenciny.sk\/en\/payment","title":{"rendered":"Payment"},"content":{"rendered":"<h1 style=\"text-align: center;\">How can I pay for my Slovak course ?<\/h1>\n<div id=\"content\">\n<h2 style=\"text-align: left;\">If you live in Bratislava, please pay:<\/h2>\n<p><strong>Directly in the office of Akad\u00e9miaSloven\u010diny Bratislava:<\/strong><\/p>\n<p>Akad\u00e9miaSloven\u010diny<br \/>\nLanguage School for Slovak in Bratislava<br \/>\nPansk\u00e1 17<br \/>\n811 01 Bratislava &#8211; Star\u00e9 Mesto<\/p>\n<p><img decoding=\"async\" src=\"http:\/\/www.akademiaslovenciny.sk\/allebilder\/grafiken\/phone.gif\" alt=\"\" width=\"18\" height=\"18\" \/>\u00a0+421 2 38 10 14 16<br \/>\n<img decoding=\"async\" src=\"http:\/\/www.akademiaslovenciny.sk\/allebilder\/grafiken\/MAIL.gif\" alt=\"\" width=\"18\" height=\"18\" \/>\u00a0<a href=\"&#x6d;a&#x69;&#108;t&#x6f;&#58;&#x69;&#x6e;f&#x6f;&#64;a&#x6b;&#97;&#x64;&#101;m&#x69;&#97;s&#x6c;&#111;&#x76;&#101;n&#x63;&#105;&#x6e;&#x79;&#46;&#x73;&#107;\">info&#64;akademiaslovenciny&#46;&#115;&#107;<\/a><\/p>\n<h2>Pay Slovak course in Bratislava per bank transfer:<\/h2>\n<p>Per bank transfer (please send us together with payment also <strong>confirmation<\/strong> from your bank):<\/p>\n<p>Management and Language Training s.r.o.<\/p>\n<p>Akad\u00e9miaSloven\u010diny<\/p>\n<p>Pansk\u00e1 17, 81101 Bratislava<\/p>\n<p>Bank Account Nr.: 2929855090<\/p>\n<p>Bank Code Number: 1100<\/p>\n<p>IBAN: SK73 1100 0000 0029 2985 5090<\/p>\n<p>BIC\/SWIFT-Code: TATRSKBX<\/p>\n<p>Bank: Tatra banka, 81106 Bratislava<\/p>\n<p><strong>PLEASE NOTE<\/strong> : Please make the transfer on time, in order to not expire your reservation!<\/p>\n<p>All payments are carried out exempt from charges to the recipient.<\/p>\n<p>&nbsp;<\/p>\n<p style=\"text-align: center;\">Recommend this page (you have to allow popup-window)<\/p>\n<\/div>\n","protected":false},"excerpt":{"rendered":"<p>How can I pay for my Slovak course ? If you live in Bratislava, please pay: Directly in the office of Akad\u00e9miaSloven\u010diny Bratislava: Akad\u00e9miaSloven\u010diny Language School for Slovak in Bratislava Pansk\u00e1 17 811 01 Bratislava &#8211; Star\u00e9 Mesto \u00a0+421 2 38 10 14 16 \u00a0&#x69;&#x6e;&#x66;&#x6f;&#x40;&#x61;&#x6b;&#x61;&#x64;&#x65;&#x6d;&#x69;&#x61;&#x73;&#108;&#111;&#118;&#101;&#110;&#99;&#105;&#110;&#121;&#46;&#115;k Pay Slovak course in Bratislava per bank transfer: Per bank [&hellip;]<\/p>\n","protected":false},"author":1,"featured_media":0,"parent":0,"menu_order":700,"comment_status":"closed","ping_status":"closed","template":"","meta":{"footnotes":""},"yoast_head":"<!-- This site is optimized with the Yoast SEO plugin v22.4 - https:\/\/yoast.com\/wordpress\/plugins\/seo\/ -->\n<title>Payment - AkademiaSlovenciny<\/title>\n<meta name=\"robots\" content=\"index, follow, max-snippet:-1, max-image-preview:large, max-video-preview:-1\" \/>\n<link rel=\"canonical\" href=\"https:\/\/www.akademiaslovenciny.sk\/en\/payment\" \/>\n<meta property=\"og:locale\" content=\"en_US\" \/>\n<meta property=\"og:type\" content=\"article\" \/>\n<meta property=\"og:title\" content=\"Payment - AkademiaSlovenciny\" \/>\n<meta property=\"og:description\" content=\"How can I pay for my Slovak course ? If you live in Bratislava, please pay: Directly in the office of Akad\u00e9miaSloven\u010diny Bratislava: Akad\u00e9miaSloven\u010diny Language School for Slovak in Bratislava Pansk\u00e1 17 811 01 Bratislava &#8211; Star\u00e9 Mesto \u00a0+421 2 38 10 14 16 \u00a0&#105;&#x6e;f&#x6f;&#x40;&#097;&#x6b;a&#x64;&#x65;&#109;&#x69;a&#x73;&#x6c;&#111;&#x76;e&#x6e;&#x63;&#105;&#x6e;y&#x2e;&#x73;&#107; Pay Slovak course in Bratislava per bank transfer: Per bank [&hellip;]\" \/>\n<meta property=\"og:url\" content=\"https:\/\/www.akademiaslovenciny.sk\/en\/payment\" \/>\n<meta property=\"og:site_name\" content=\"AkademiaSlovenciny\" \/>\n<meta property=\"article:modified_time\" content=\"2019-02-28T12:39:36+00:00\" \/>\n<meta property=\"og:image\" content=\"http:\/\/www.akademiaslovenciny.sk\/allebilder\/grafiken\/phone.gif\" \/>\n<meta name=\"twitter:card\" content=\"summary_large_image\" \/>\n<meta name=\"twitter:label1\" content=\"Est. reading time\" \/>\n\t<meta name=\"twitter:data1\" content=\"1 minute\" \/>\n<script type=\"application\/ld+json\" class=\"yoast-schema-graph\">{\"@context\":\"https:\/\/schema.org\",\"@graph\":[{\"@type\":\"WebPage\",\"@id\":\"https:\/\/www.akademiaslovenciny.sk\/en\/payment\",\"url\":\"https:\/\/www.akademiaslovenciny.sk\/en\/payment\",\"name\":\"Payment - AkademiaSlovenciny\",\"isPartOf\":{\"@id\":\"https:\/\/www.akademiaslovenciny.sk\/de\/#website\"},\"primaryImageOfPage\":{\"@id\":\"https:\/\/www.akademiaslovenciny.sk\/en\/payment#primaryimage\"},\"image\":{\"@id\":\"https:\/\/www.akademiaslovenciny.sk\/en\/payment#primaryimage\"},\"thumbnailUrl\":\"http:\/\/www.akademiaslovenciny.sk\/allebilder\/grafiken\/phone.gif\",\"datePublished\":\"2018-12-15T16:27:59+00:00\",\"dateModified\":\"2019-02-28T12:39:36+00:00\",\"breadcrumb\":{\"@id\":\"https:\/\/www.akademiaslovenciny.sk\/en\/payment#breadcrumb\"},\"inLanguage\":\"en-US\",\"potentialAction\":[{\"@type\":\"ReadAction\",\"target\":[\"https:\/\/www.akademiaslovenciny.sk\/en\/payment\"]}]},{\"@type\":\"ImageObject\",\"inLanguage\":\"en-US\",\"@id\":\"https:\/\/www.akademiaslovenciny.sk\/en\/payment#primaryimage\",\"url\":\"http:\/\/www.akademiaslovenciny.sk\/allebilder\/grafiken\/phone.gif\",\"contentUrl\":\"http:\/\/www.akademiaslovenciny.sk\/allebilder\/grafiken\/phone.gif\"},{\"@type\":\"BreadcrumbList\",\"@id\":\"https:\/\/www.akademiaslovenciny.sk\/en\/payment#breadcrumb\",\"itemListElement\":[{\"@type\":\"ListItem\",\"position\":1,\"name\":\"Startseite\",\"item\":\"https:\/\/www.akademiaslovenciny.sk\/en\"},{\"@type\":\"ListItem\",\"position\":2,\"name\":\"Payment\"}]},{\"@type\":\"WebSite\",\"@id\":\"https:\/\/www.akademiaslovenciny.sk\/de\/#website\",\"url\":\"https:\/\/www.akademiaslovenciny.sk\/de\/\",\"name\":\"AkademiaSlovenciny\",\"description\":\"Kurz sloven\u010diny v Bratislave\",\"potentialAction\":[{\"@type\":\"SearchAction\",\"target\":{\"@type\":\"EntryPoint\",\"urlTemplate\":\"https:\/\/www.akademiaslovenciny.sk\/de\/?s={search_term_string}\"},\"query-input\":\"required name=search_term_string\"}],\"inLanguage\":\"en-US\"}]}<\/script>\n<!-- \/ Yoast SEO plugin. -->","yoast_head_json":{"title":"Payment - AkademiaSlovenciny","robots":{"index":"index","follow":"follow","max-snippet":"max-snippet:-1","max-image-preview":"max-image-preview:large","max-video-preview":"max-video-preview:-1"},"canonical":"https:\/\/www.akademiaslovenciny.sk\/en\/payment","og_locale":"en_US","og_type":"article","og_title":"Payment - AkademiaSlovenciny","og_description":"How can I pay for my Slovak course ? If you live in Bratislava, please pay: Directly in the office of Akad\u00e9miaSloven\u010diny Bratislava: Akad\u00e9miaSloven\u010diny Language School for Slovak in Bratislava Pansk\u00e1 17 811 01 Bratislava &#8211; Star\u00e9 Mesto \u00a0+421 2 38 10 14 16 \u00a0&#105;&#x6e;f&#x6f;&#x40;&#97;&#x6b;a&#x64;&#x65;&#109;&#x69;a&#x73;&#x6c;&#111;&#x76;e&#x6e;&#x63;&#105;&#x6e;y&#x2e;&#x73;&#107; Pay Slovak course in Bratislava per bank transfer: Per bank [&hellip;]","og_url":"https:\/\/www.akademiaslovenciny.sk\/en\/payment","og_site_name":"AkademiaSlovenciny","article_modified_time":"2019-02-28T12:39:36+00:00","og_image":[{"url":"http:\/\/www.akademiaslovenciny.sk\/allebilder\/grafiken\/phone.gif"}],"twitter_card":"summary_large_image","twitter_misc":{"Est. reading time":"1 minute"},"schema":{"@context":"https:\/\/schema.org","@graph":[{"@type":"WebPage","@id":"https:\/\/www.akademiaslovenciny.sk\/en\/payment","url":"https:\/\/www.akademiaslovenciny.sk\/en\/payment","name":"Payment - AkademiaSlovenciny","isPartOf":{"@id":"https:\/\/www.akademiaslovenciny.sk\/de\/#website"},"primaryImageOfPage":{"@id":"https:\/\/www.akademiaslovenciny.sk\/en\/payment#primaryimage"},"image":{"@id":"https:\/\/www.akademiaslovenciny.sk\/en\/payment#primaryimage"},"thumbnailUrl":"http:\/\/www.akademiaslovenciny.sk\/allebilder\/grafiken\/phone.gif","datePublished":"2018-12-15T16:27:59+00:00","dateModified":"2019-02-28T12:39:36+00:00","breadcrumb":{"@id":"https:\/\/www.akademiaslovenciny.sk\/en\/payment#breadcrumb"},"inLanguage":"en-US","potentialAction":[{"@type":"ReadAction","target":["https:\/\/www.akademiaslovenciny.sk\/en\/payment"]}]},{"@type":"ImageObject","inLanguage":"en-US","@id":"https:\/\/www.akademiaslovenciny.sk\/en\/payment#primaryimage","url":"http:\/\/www.akademiaslovenciny.sk\/allebilder\/grafiken\/phone.gif","contentUrl":"http:\/\/www.akademiaslovenciny.sk\/allebilder\/grafiken\/phone.gif"},{"@type":"BreadcrumbList","@id":"https:\/\/www.akademiaslovenciny.sk\/en\/payment#breadcrumb","itemListElement":[{"@type":"ListItem","position":1,"name":"Startseite","item":"https:\/\/www.akademiaslovenciny.sk\/en"},{"@type":"ListItem","position":2,"name":"Payment"}]},{"@type":"WebSite","@id":"https:\/\/www.akademiaslovenciny.sk\/de\/#website","url":"https:\/\/www.akademiaslovenciny.sk\/de\/","name":"AkademiaSlovenciny","description":"Kurz sloven\u010diny v Bratislave","potentialAction":[{"@type":"SearchAction","target":{"@type":"EntryPoint","urlTemplate":"https:\/\/www.akademiaslovenciny.sk\/de\/?s={search_term_string}"},"query-input":"required name=search_term_string"}],"inLanguage":"en-US"}]}},"_links":{"self":[{"href":"https:\/\/www.akademiaslovenciny.sk\/en\/wp-json\/wp\/v2\/pages\/248"}],"collection":[{"href":"https:\/\/www.akademiaslovenciny.sk\/en\/wp-json\/wp\/v2\/pages"}],"about":[{"href":"https:\/\/www.akademiaslovenciny.sk\/en\/wp-json\/wp\/v2\/types\/page"}],"author":[{"embeddable":true,"href":"https:\/\/www.akademiaslovenciny.sk\/en\/wp-json\/wp\/v2\/users\/1"}],"replies":[{"embeddable":true,"href":"https:\/\/www.akademiaslovenciny.sk\/en\/wp-json\/wp\/v2\/comments?post=248"}],"version-history":[{"count":4,"href":"https:\/\/www.akademiaslovenciny.sk\/en\/wp-json\/wp\/v2\/pages\/248\/revisions"}],"predecessor-version":[{"id":420,"href":"https:\/\/www.akademiaslovenciny.sk\/en\/wp-json\/wp\/v2\/pages\/248\/revisions\/420"}],"wp:attachment":[{"href":"https:\/\/www.akademiaslovenciny.sk\/en\/wp-json\/wp\/v2\/media?parent=248"}],"curies":[{"name":"wp","href":"https:\/\/api.w.org\/{rel}","templated":true}]}}