{"id":127,"date":"2018-12-14T13:12:52","date_gmt":"2018-12-14T13:12:52","guid":{"rendered":"https:\/\/www.akademiaslovenciny.sk\/wp?page_id=127"},"modified":"2020-02-25T18:35:17","modified_gmt":"2020-02-25T18:35:17","slug":"location-akademiaslovenciny","status":"publish","type":"page","link":"https:\/\/www.akademiaslovenciny.sk\/en\/location-akademiaslovenciny\/","title":{"rendered":"Location"},"content":{"rendered":"<h1 style=\"text-align: center;\">How to find your language school in Bratislava<\/h1>\n<h3 style=\"text-align: center;\">Akad\u00e9miaSloven\u010diny<\/h3>\n<p style=\"text-align: center;\">Sprachschule f\u00fcr Slowakischkurse in Bratislava<br \/>\nPansk\u00e1 17<br \/>\n81101 Bratislava -Star\u00e9 Mesto<br \/>\nSlowakei<\/p>\n<p style=\"text-align: center;\">+421 2 38 10 14 16<br \/>\n<a href=\"&#x6d;&#97;i&#x6c;&#x74;&#111;:&#x69;&#110;f&#x6f;&#x40;&#97;k&#x61;&#100;e&#x6d;&#x69;&#97;s&#x6c;&#x6f;&#118;&#x65;&#x6e;&#99;i&#x6e;&#x79;&#46;s&#x6b;\">info&#64;a&#107;&#97;&#100;&#101;&#109;&#105;&#97;&#x73;&#x6c;&#x6f;&#x76;&#x65;&#x6e;&#x63;&#x69;&#x6e;&#x79;&#x2e;&#x73;k<\/a><\/p>\n<p><img loading=\"lazy\" decoding=\"async\" class=\"alignnone size-full wp-image-494 aligncenter\" src=\"https:\/\/www.akademiaslovenciny.sk\/wp\/wp-content\/uploads\/2020\/02\/Sprachschule-Weg1.jpg\" alt=\"\" width=\"1000\" height=\"871\" srcset=\"https:\/\/www.akademiaslovenciny.sk\/wp-content\/uploads\/2020\/02\/Sprachschule-Weg1.jpg 1000w, https:\/\/www.akademiaslovenciny.sk\/wp-content\/uploads\/2020\/02\/Sprachschule-Weg1-620x540.jpg 620w, https:\/\/www.akademiaslovenciny.sk\/wp-content\/uploads\/2020\/02\/Sprachschule-Weg1-960x836.jpg 960w, https:\/\/www.akademiaslovenciny.sk\/wp-content\/uploads\/2020\/02\/Sprachschule-Weg1-768x669.jpg 768w\" sizes=\"(max-width: 1000px) 100vw, 1000px\" \/><\/p>\n<p><img loading=\"lazy\" decoding=\"async\" class=\"alignnone size-large wp-image-497 aligncenter\" src=\"https:\/\/www.akademiaslovenciny.sk\/wp\/wp-content\/uploads\/2020\/02\/Sprachschule-Weg2.jpg\" alt=\"\" width=\"1000\" height=\"754\" srcset=\"https:\/\/www.akademiaslovenciny.sk\/wp-content\/uploads\/2020\/02\/Sprachschule-Weg2.jpg 1000w, https:\/\/www.akademiaslovenciny.sk\/wp-content\/uploads\/2020\/02\/Sprachschule-Weg2-620x467.jpg 620w, https:\/\/www.akademiaslovenciny.sk\/wp-content\/uploads\/2020\/02\/Sprachschule-Weg2-960x724.jpg 960w, https:\/\/www.akademiaslovenciny.sk\/wp-content\/uploads\/2020\/02\/Sprachschule-Weg2-768x579.jpg 768w\" sizes=\"(max-width: 1000px) 100vw, 1000px\" \/><\/p>\n<p style=\"text-align: center;\">\n","protected":false},"excerpt":{"rendered":"<p>How to find your language school in Bratislava Akad\u00e9miaSloven\u010diny Sprachschule f\u00fcr Slowakischkurse in Bratislava Pansk\u00e1 17 81101 Bratislava -Star\u00e9 Mesto Slowakei +421 2 38 10 14 16 &#105;&#x6e;f&#111;&#x40;a&#107;&#x61;d&#101;&#x6d;i&#97;&#x73;l&#111;&#x76;e&#110;&#x63;i&#110;&#x79;&#46;&#115;&#x6b;<\/p>\n","protected":false},"author":1,"featured_media":0,"parent":0,"menu_order":300,"comment_status":"closed","ping_status":"closed","template":"","meta":{"footnotes":""},"yoast_head":"<!-- This site is optimized with the Yoast SEO plugin v22.4 - https:\/\/yoast.com\/wordpress\/plugins\/seo\/ -->\n<title>Location - AkademiaSlovenciny<\/title>\n<meta name=\"robots\" content=\"index, follow, max-snippet:-1, max-image-preview:large, max-video-preview:-1\" \/>\n<link rel=\"canonical\" href=\"https:\/\/www.akademiaslovenciny.sk\/en\/location-akademiaslovenciny\/\" \/>\n<meta property=\"og:locale\" content=\"en_US\" \/>\n<meta property=\"og:type\" content=\"article\" \/>\n<meta property=\"og:title\" content=\"Location - AkademiaSlovenciny\" \/>\n<meta property=\"og:description\" content=\"How to find your language school in Bratislava Akad\u00e9miaSloven\u010diny Sprachschule f\u00fcr Slowakischkurse in Bratislava Pansk\u00e1 17 81101 Bratislava -Star\u00e9 Mesto Slowakei +421 2 38 10 14 16 &#105;&#110;&#x66;o&#064;&#x61;&#x6b;a&#100;&#x65;&#x6d;i&#097;&#x73;&#x6c;o&#118;&#x65;&#x6e;c&#105;&#x6e;&#x79;&#046;&#115;&#x6b;\" \/>\n<meta property=\"og:url\" content=\"https:\/\/www.akademiaslovenciny.sk\/en\/location-akademiaslovenciny\/\" \/>\n<meta property=\"og:site_name\" content=\"AkademiaSlovenciny\" \/>\n<meta property=\"article:modified_time\" content=\"2020-02-25T18:35:17+00:00\" \/>\n<meta property=\"og:image\" content=\"https:\/\/www.akademiaslovenciny.sk\/wp\/wp-content\/uploads\/2020\/02\/Sprachschule-Weg1.jpg\" \/>\n<meta name=\"twitter:card\" content=\"summary_large_image\" \/>\n<script type=\"application\/ld+json\" class=\"yoast-schema-graph\">{\"@context\":\"https:\/\/schema.org\",\"@graph\":[{\"@type\":\"WebPage\",\"@id\":\"https:\/\/www.akademiaslovenciny.sk\/en\/location-akademiaslovenciny\/\",\"url\":\"https:\/\/www.akademiaslovenciny.sk\/en\/location-akademiaslovenciny\/\",\"name\":\"Location - AkademiaSlovenciny\",\"isPartOf\":{\"@id\":\"https:\/\/www.akademiaslovenciny.sk\/#website\"},\"primaryImageOfPage\":{\"@id\":\"https:\/\/www.akademiaslovenciny.sk\/en\/location-akademiaslovenciny\/#primaryimage\"},\"image\":{\"@id\":\"https:\/\/www.akademiaslovenciny.sk\/en\/location-akademiaslovenciny\/#primaryimage\"},\"thumbnailUrl\":\"https:\/\/www.akademiaslovenciny.sk\/wp\/wp-content\/uploads\/2020\/02\/Sprachschule-Weg1.jpg\",\"datePublished\":\"2018-12-14T13:12:52+00:00\",\"dateModified\":\"2020-02-25T18:35:17+00:00\",\"breadcrumb\":{\"@id\":\"https:\/\/www.akademiaslovenciny.sk\/en\/location-akademiaslovenciny\/#breadcrumb\"},\"inLanguage\":\"en-US\",\"potentialAction\":[{\"@type\":\"ReadAction\",\"target\":[\"https:\/\/www.akademiaslovenciny.sk\/en\/location-akademiaslovenciny\/\"]}]},{\"@type\":\"ImageObject\",\"inLanguage\":\"en-US\",\"@id\":\"https:\/\/www.akademiaslovenciny.sk\/en\/location-akademiaslovenciny\/#primaryimage\",\"url\":\"https:\/\/www.akademiaslovenciny.sk\/wp\/wp-content\/uploads\/2020\/02\/Sprachschule-Weg1.jpg\",\"contentUrl\":\"https:\/\/www.akademiaslovenciny.sk\/wp\/wp-content\/uploads\/2020\/02\/Sprachschule-Weg1.jpg\"},{\"@type\":\"BreadcrumbList\",\"@id\":\"https:\/\/www.akademiaslovenciny.sk\/en\/location-akademiaslovenciny\/#breadcrumb\",\"itemListElement\":[{\"@type\":\"ListItem\",\"position\":1,\"name\":\"Startseite\",\"item\":\"https:\/\/www.akademiaslovenciny.sk\/en\/\"},{\"@type\":\"ListItem\",\"position\":2,\"name\":\"Location\"}]},{\"@type\":\"WebSite\",\"@id\":\"https:\/\/www.akademiaslovenciny.sk\/#website\",\"url\":\"https:\/\/www.akademiaslovenciny.sk\/\",\"name\":\"AkademiaSlovenciny\",\"description\":\"Kurz sloven\u010diny v Bratislave\",\"potentialAction\":[{\"@type\":\"SearchAction\",\"target\":{\"@type\":\"EntryPoint\",\"urlTemplate\":\"https:\/\/www.akademiaslovenciny.sk\/?s={search_term_string}\"},\"query-input\":\"required name=search_term_string\"}],\"inLanguage\":\"en-US\"}]}<\/script>\n<!-- \/ Yoast SEO plugin. -->","yoast_head_json":{"title":"Location - AkademiaSlovenciny","robots":{"index":"index","follow":"follow","max-snippet":"max-snippet:-1","max-image-preview":"max-image-preview:large","max-video-preview":"max-video-preview:-1"},"canonical":"https:\/\/www.akademiaslovenciny.sk\/en\/location-akademiaslovenciny\/","og_locale":"en_US","og_type":"article","og_title":"Location - AkademiaSlovenciny","og_description":"How to find your language school in Bratislava Akad\u00e9miaSloven\u010diny Sprachschule f\u00fcr Slowakischkurse in Bratislava Pansk\u00e1 17 81101 Bratislava -Star\u00e9 Mesto Slowakei +421 2 38 10 14 16 &#105;&#110;&#x66;o&#64;&#x61;&#x6b;a&#100;&#x65;&#x6d;i&#97;&#x73;&#x6c;o&#118;&#x65;&#x6e;c&#105;&#x6e;&#x79;&#46;&#115;&#x6b;","og_url":"https:\/\/www.akademiaslovenciny.sk\/en\/location-akademiaslovenciny\/","og_site_name":"AkademiaSlovenciny","article_modified_time":"2020-02-25T18:35:17+00:00","og_image":[{"url":"https:\/\/www.akademiaslovenciny.sk\/wp\/wp-content\/uploads\/2020\/02\/Sprachschule-Weg1.jpg"}],"twitter_card":"summary_large_image","schema":{"@context":"https:\/\/schema.org","@graph":[{"@type":"WebPage","@id":"https:\/\/www.akademiaslovenciny.sk\/en\/location-akademiaslovenciny\/","url":"https:\/\/www.akademiaslovenciny.sk\/en\/location-akademiaslovenciny\/","name":"Location - AkademiaSlovenciny","isPartOf":{"@id":"https:\/\/www.akademiaslovenciny.sk\/#website"},"primaryImageOfPage":{"@id":"https:\/\/www.akademiaslovenciny.sk\/en\/location-akademiaslovenciny\/#primaryimage"},"image":{"@id":"https:\/\/www.akademiaslovenciny.sk\/en\/location-akademiaslovenciny\/#primaryimage"},"thumbnailUrl":"https:\/\/www.akademiaslovenciny.sk\/wp\/wp-content\/uploads\/2020\/02\/Sprachschule-Weg1.jpg","datePublished":"2018-12-14T13:12:52+00:00","dateModified":"2020-02-25T18:35:17+00:00","breadcrumb":{"@id":"https:\/\/www.akademiaslovenciny.sk\/en\/location-akademiaslovenciny\/#breadcrumb"},"inLanguage":"en-US","potentialAction":[{"@type":"ReadAction","target":["https:\/\/www.akademiaslovenciny.sk\/en\/location-akademiaslovenciny\/"]}]},{"@type":"ImageObject","inLanguage":"en-US","@id":"https:\/\/www.akademiaslovenciny.sk\/en\/location-akademiaslovenciny\/#primaryimage","url":"https:\/\/www.akademiaslovenciny.sk\/wp\/wp-content\/uploads\/2020\/02\/Sprachschule-Weg1.jpg","contentUrl":"https:\/\/www.akademiaslovenciny.sk\/wp\/wp-content\/uploads\/2020\/02\/Sprachschule-Weg1.jpg"},{"@type":"BreadcrumbList","@id":"https:\/\/www.akademiaslovenciny.sk\/en\/location-akademiaslovenciny\/#breadcrumb","itemListElement":[{"@type":"ListItem","position":1,"name":"Startseite","item":"https:\/\/www.akademiaslovenciny.sk\/en\/"},{"@type":"ListItem","position":2,"name":"Location"}]},{"@type":"WebSite","@id":"https:\/\/www.akademiaslovenciny.sk\/#website","url":"https:\/\/www.akademiaslovenciny.sk\/","name":"AkademiaSlovenciny","description":"Kurz sloven\u010diny v Bratislave","potentialAction":[{"@type":"SearchAction","target":{"@type":"EntryPoint","urlTemplate":"https:\/\/www.akademiaslovenciny.sk\/?s={search_term_string}"},"query-input":"required name=search_term_string"}],"inLanguage":"en-US"}]}},"_links":{"self":[{"href":"https:\/\/www.akademiaslovenciny.sk\/en\/wp-json\/wp\/v2\/pages\/127"}],"collection":[{"href":"https:\/\/www.akademiaslovenciny.sk\/en\/wp-json\/wp\/v2\/pages"}],"about":[{"href":"https:\/\/www.akademiaslovenciny.sk\/en\/wp-json\/wp\/v2\/types\/page"}],"author":[{"embeddable":true,"href":"https:\/\/www.akademiaslovenciny.sk\/en\/wp-json\/wp\/v2\/users\/1"}],"replies":[{"embeddable":true,"href":"https:\/\/www.akademiaslovenciny.sk\/en\/wp-json\/wp\/v2\/comments?post=127"}],"version-history":[{"count":11,"href":"https:\/\/www.akademiaslovenciny.sk\/en\/wp-json\/wp\/v2\/pages\/127\/revisions"}],"predecessor-version":[{"id":542,"href":"https:\/\/www.akademiaslovenciny.sk\/en\/wp-json\/wp\/v2\/pages\/127\/revisions\/542"}],"wp:attachment":[{"href":"https:\/\/www.akademiaslovenciny.sk\/en\/wp-json\/wp\/v2\/media?parent=127"}],"curies":[{"name":"wp","href":"https:\/\/api.w.org\/{rel}","templated":true}]}}