{"id":123,"date":"2018-12-14T13:07:51","date_gmt":"2018-12-14T13:07:51","guid":{"rendered":"https:\/\/www.akademiaslovenciny.sk\/wp?page_id=123"},"modified":"2020-10-19T10:40:51","modified_gmt":"2020-10-19T10:40:51","slug":"contact-akademiaslovenciny-bratislava","status":"publish","type":"page","link":"https:\/\/www.akademiaslovenciny.sk\/en\/contact-akademiaslovenciny-bratislava","title":{"rendered":"Contact\/Imprint"},"content":{"rendered":"<h1 style=\"text-align: center;\">Contact Slovak language school Bratislava<\/h1>\n<p>&nbsp;<\/p>\n<p>Akad\u00e9miaSloven\u010diny<br \/>\nSlovak Language Courses in Bratislava<br \/>\nManagement and Language Training s.r.o.<br \/>\nPansk\u00e1 17<br \/>\n811 01 Bratislava &#8211; Star\u00e9 Mesto<br \/>\nSlovakia<\/p>\n<p>Tel: +421 2 38 10 14 16<br \/>\nE-mail: <a href=\"mailto:info&#64;&#97;&#107;&#97;&#100;&#101;&#109;&#105;&#97;&#115;&#108;&#111;&#118;&#101;&#110;&#99;&#x69;&#x6e;&#x79;&#x2e;&#x73;&#x6b;\">&#105;&#x6e;&#x66;&#111;&#x40;&#x61;k&#x61;&#x64;e&#109;&#x69;a&#115;&#x6c;o&#118;&#x65;n&#99;&#x69;n&#121;&#x2e;&#x73;&#107;<\/a><\/p>\n<p><a href=\"https:\/\/www.akademiaslovenciny.sk\/en\/opening-hours-akademiaslovenciny\">Opening hours<\/a><\/p>\n<p>&nbsp;<\/p>\n<p style=\"text-align: center;\">Recommend this page (you have to allow popup-window)<\/p>\n","protected":false},"excerpt":{"rendered":"<p>Contact Slovak language school Bratislava &nbsp; Akad\u00e9miaSloven\u010diny Slovak Language Courses in Bratislava Management and Language Training s.r.o. Pansk\u00e1 17 811 01 Bratislava &#8211; Star\u00e9 Mesto Slovakia Tel: +421 2 38 10 14 16 E-mail: &#x69;n&#x66;&#111;&#x40;&#97;k&#x61;&#100;&#x65;&#109;i&#x61;&#115;&#x6c;&#111;v&#x65;n&#x63;&#105;&#x6e;&#x79;&#46;&#x73;&#107; Opening hours &nbsp; Recommend this page (you have to allow popup-window)<\/p>\n","protected":false},"author":1,"featured_media":0,"parent":0,"menu_order":600,"comment_status":"closed","ping_status":"closed","template":"","meta":{"footnotes":""},"yoast_head":"<!-- This site is optimized with the Yoast SEO plugin v22.4 - https:\/\/yoast.com\/wordpress\/plugins\/seo\/ -->\n<title>Contact\/Imprint - AkademiaSlovenciny<\/title>\n<meta name=\"robots\" content=\"index, follow, max-snippet:-1, max-image-preview:large, max-video-preview:-1\" \/>\n<link rel=\"canonical\" href=\"https:\/\/www.akademiaslovenciny.sk\/en\/contact-akademiaslovenciny-bratislava\" \/>\n<meta property=\"og:locale\" content=\"en_US\" \/>\n<meta property=\"og:type\" content=\"article\" \/>\n<meta property=\"og:title\" content=\"Contact\/Imprint - AkademiaSlovenciny\" \/>\n<meta property=\"og:description\" content=\"Contact Slovak language school Bratislava &nbsp; Akad\u00e9miaSloven\u010diny Slovak Language Courses in Bratislava Management and Language Training s.r.o. Pansk\u00e1 17 811 01 Bratislava &#8211; Star\u00e9 Mesto Slovakia Tel: +421 2 38 10 14 16 E-mail: &#x69;&#110;&#102;&#x6f;&#x40;&#097;&#107;&#x61;&#x64;&#101;&#109;&#x69;&#x61;&#115;&#108;&#x6f;&#x76;&#101;&#110;&#x63;&#x69;&#110;&#121;&#x2e;&#x73;&#107; Opening hours &nbsp; Recommend this page (you have to allow popup-window)\" \/>\n<meta property=\"og:url\" content=\"https:\/\/www.akademiaslovenciny.sk\/en\/contact-akademiaslovenciny-bratislava\" \/>\n<meta property=\"og:site_name\" content=\"AkademiaSlovenciny\" \/>\n<meta property=\"article:modified_time\" content=\"2020-10-19T10:40:51+00:00\" \/>\n<meta name=\"twitter:card\" content=\"summary_large_image\" \/>\n<script type=\"application\/ld+json\" class=\"yoast-schema-graph\">{\"@context\":\"https:\/\/schema.org\",\"@graph\":[{\"@type\":\"WebPage\",\"@id\":\"https:\/\/www.akademiaslovenciny.sk\/en\/contact-akademiaslovenciny-bratislava\",\"url\":\"https:\/\/www.akademiaslovenciny.sk\/en\/contact-akademiaslovenciny-bratislava\",\"name\":\"Contact\/Imprint - AkademiaSlovenciny\",\"isPartOf\":{\"@id\":\"https:\/\/www.akademiaslovenciny.sk\/de\/#website\"},\"datePublished\":\"2018-12-14T13:07:51+00:00\",\"dateModified\":\"2020-10-19T10:40:51+00:00\",\"breadcrumb\":{\"@id\":\"https:\/\/www.akademiaslovenciny.sk\/en\/contact-akademiaslovenciny-bratislava#breadcrumb\"},\"inLanguage\":\"en-US\",\"potentialAction\":[{\"@type\":\"ReadAction\",\"target\":[\"https:\/\/www.akademiaslovenciny.sk\/en\/contact-akademiaslovenciny-bratislava\"]}]},{\"@type\":\"BreadcrumbList\",\"@id\":\"https:\/\/www.akademiaslovenciny.sk\/en\/contact-akademiaslovenciny-bratislava#breadcrumb\",\"itemListElement\":[{\"@type\":\"ListItem\",\"position\":1,\"name\":\"Startseite\",\"item\":\"https:\/\/www.akademiaslovenciny.sk\/en\"},{\"@type\":\"ListItem\",\"position\":2,\"name\":\"Contact\/Imprint\"}]},{\"@type\":\"WebSite\",\"@id\":\"https:\/\/www.akademiaslovenciny.sk\/de\/#website\",\"url\":\"https:\/\/www.akademiaslovenciny.sk\/de\/\",\"name\":\"AkademiaSlovenciny\",\"description\":\"Kurz sloven\u010diny v Bratislave\",\"potentialAction\":[{\"@type\":\"SearchAction\",\"target\":{\"@type\":\"EntryPoint\",\"urlTemplate\":\"https:\/\/www.akademiaslovenciny.sk\/de\/?s={search_term_string}\"},\"query-input\":\"required name=search_term_string\"}],\"inLanguage\":\"en-US\"}]}<\/script>\n<!-- \/ Yoast SEO plugin. -->","yoast_head_json":{"title":"Contact\/Imprint - AkademiaSlovenciny","robots":{"index":"index","follow":"follow","max-snippet":"max-snippet:-1","max-image-preview":"max-image-preview:large","max-video-preview":"max-video-preview:-1"},"canonical":"https:\/\/www.akademiaslovenciny.sk\/en\/contact-akademiaslovenciny-bratislava","og_locale":"en_US","og_type":"article","og_title":"Contact\/Imprint - AkademiaSlovenciny","og_description":"Contact Slovak language school Bratislava &nbsp; Akad\u00e9miaSloven\u010diny Slovak Language Courses in Bratislava Management and Language Training s.r.o. Pansk\u00e1 17 811 01 Bratislava &#8211; Star\u00e9 Mesto Slovakia Tel: +421 2 38 10 14 16 E-mail: &#x69;&#110;&#102;&#x6f;&#x40;&#97;&#107;&#x61;&#x64;&#101;&#109;&#x69;&#x61;&#115;&#108;&#x6f;&#x76;&#101;&#110;&#x63;&#x69;&#110;&#121;&#x2e;&#x73;&#107; Opening hours &nbsp; Recommend this page (you have to allow popup-window)","og_url":"https:\/\/www.akademiaslovenciny.sk\/en\/contact-akademiaslovenciny-bratislava","og_site_name":"AkademiaSlovenciny","article_modified_time":"2020-10-19T10:40:51+00:00","twitter_card":"summary_large_image","schema":{"@context":"https:\/\/schema.org","@graph":[{"@type":"WebPage","@id":"https:\/\/www.akademiaslovenciny.sk\/en\/contact-akademiaslovenciny-bratislava","url":"https:\/\/www.akademiaslovenciny.sk\/en\/contact-akademiaslovenciny-bratislava","name":"Contact\/Imprint - AkademiaSlovenciny","isPartOf":{"@id":"https:\/\/www.akademiaslovenciny.sk\/de\/#website"},"datePublished":"2018-12-14T13:07:51+00:00","dateModified":"2020-10-19T10:40:51+00:00","breadcrumb":{"@id":"https:\/\/www.akademiaslovenciny.sk\/en\/contact-akademiaslovenciny-bratislava#breadcrumb"},"inLanguage":"en-US","potentialAction":[{"@type":"ReadAction","target":["https:\/\/www.akademiaslovenciny.sk\/en\/contact-akademiaslovenciny-bratislava"]}]},{"@type":"BreadcrumbList","@id":"https:\/\/www.akademiaslovenciny.sk\/en\/contact-akademiaslovenciny-bratislava#breadcrumb","itemListElement":[{"@type":"ListItem","position":1,"name":"Startseite","item":"https:\/\/www.akademiaslovenciny.sk\/en"},{"@type":"ListItem","position":2,"name":"Contact\/Imprint"}]},{"@type":"WebSite","@id":"https:\/\/www.akademiaslovenciny.sk\/de\/#website","url":"https:\/\/www.akademiaslovenciny.sk\/de\/","name":"AkademiaSlovenciny","description":"Kurz sloven\u010diny v Bratislave","potentialAction":[{"@type":"SearchAction","target":{"@type":"EntryPoint","urlTemplate":"https:\/\/www.akademiaslovenciny.sk\/de\/?s={search_term_string}"},"query-input":"required name=search_term_string"}],"inLanguage":"en-US"}]}},"_links":{"self":[{"href":"https:\/\/www.akademiaslovenciny.sk\/en\/wp-json\/wp\/v2\/pages\/123"}],"collection":[{"href":"https:\/\/www.akademiaslovenciny.sk\/en\/wp-json\/wp\/v2\/pages"}],"about":[{"href":"https:\/\/www.akademiaslovenciny.sk\/en\/wp-json\/wp\/v2\/types\/page"}],"author":[{"embeddable":true,"href":"https:\/\/www.akademiaslovenciny.sk\/en\/wp-json\/wp\/v2\/users\/1"}],"replies":[{"embeddable":true,"href":"https:\/\/www.akademiaslovenciny.sk\/en\/wp-json\/wp\/v2\/comments?post=123"}],"version-history":[{"count":10,"href":"https:\/\/www.akademiaslovenciny.sk\/en\/wp-json\/wp\/v2\/pages\/123\/revisions"}],"predecessor-version":[{"id":651,"href":"https:\/\/www.akademiaslovenciny.sk\/en\/wp-json\/wp\/v2\/pages\/123\/revisions\/651"}],"wp:attachment":[{"href":"https:\/\/www.akademiaslovenciny.sk\/en\/wp-json\/wp\/v2\/media?parent=123"}],"curies":[{"name":"wp","href":"https:\/\/api.w.org\/{rel}","templated":true}]}}