{"id":33,"date":"2016-10-13T13:52:10","date_gmt":"2016-10-13T13:52:10","guid":{"rendered":"http:\/\/www.akademiaslovenciny.sk\/wp\/kurz-slovenciny-v-bratislave"},"modified":"2023-04-02T20:36:47","modified_gmt":"2023-04-02T20:36:47","slug":"slowakischkurse-mitten-in-bratislava-oder-online","status":"publish","type":"page","link":"https:\/\/www.akademiaslovenciny.sk\/de","title":{"rendered":"Slowakischkurs in Bratislava"},"content":{"rendered":"<p><img decoding=\"async\" class=\"size-medium wp-image-986 aligncenter\" src=\"https:\/\/www.akademiaslovenciny.sk\/wp-content\/uploads\/2023\/04\/BAN_1624-1-A4-620x412.jpg\" alt=\"Slowakisch Kurs Bratislava\" width=\"620\" height=\"412\" srcset=\"https:\/\/www.akademiaslovenciny.sk\/wp-content\/uploads\/2023\/04\/BAN_1624-1-A4-620x412.jpg 620w, https:\/\/www.akademiaslovenciny.sk\/wp-content\/uploads\/2023\/04\/BAN_1624-1-A4-960x638.jpg 960w, https:\/\/www.akademiaslovenciny.sk\/wp-content\/uploads\/2023\/04\/BAN_1624-1-A4-768x511.jpg 768w, https:\/\/www.akademiaslovenciny.sk\/wp-content\/uploads\/2023\/04\/BAN_1624-1-A4.jpg 1000w\" sizes=\"(max-width: 620px) 100vw, 620px\" \/><\/p>\n<h1 style=\"text-align: center;\" align=\"center\">Slowakischkurse in Bratislava oder online<\/h1>\n<p>&nbsp;<\/p>\n<h2>Unser intensiv Slowakischkurs in Bratislava oder online<\/h2>\n<h2>5 Wochen <strong>Slowakisch<\/strong>\u00a0Intensivkurs<\/h2>\n<ul>\n<li>Montag, Mittwoch &amp; Donnerstag, 1,5 Stunden\/Tag (au\u00dfer Feiertage)<\/li>\n<li class=\"x_MsoNormal\">Level: A1 | A2 | B1 | B2 | C1 | C2<\/li>\n<li>Maximal 5 - 9 Teilnehmer*innen<\/li>\n<li class=\"x_MsoNormal\">Stunden: 22,5 Stunden (30 Unterrichtseinheiten)<\/li>\n<li class=\"x_MsoNormal\">Uhrzeit: 9:00-10:30, 11:00-12.30, 18:00-19:30 Uhr (MESZ)<\/li>\n<li class=\"x_xmsonormal\">Preis: \u20ac 220<\/li>\n<\/ul>\n<h2>Unser Grammatikkurs in Bratislava oder online<\/h2>\n<p><img decoding=\"async\" class=\" wp-image-998 alignright\" src=\"https:\/\/www.akademiaslovenciny.sk\/wp-content\/uploads\/2023\/04\/BAN_1057-A4-620x412.jpg\" alt=\"Slowakisch Kurse Bratislava Intensiv\" width=\"200\" height=\"133\" srcset=\"https:\/\/www.akademiaslovenciny.sk\/wp-content\/uploads\/2023\/04\/BAN_1057-A4-620x412.jpg 620w, https:\/\/www.akademiaslovenciny.sk\/wp-content\/uploads\/2023\/04\/BAN_1057-A4-960x638.jpg 960w, https:\/\/www.akademiaslovenciny.sk\/wp-content\/uploads\/2023\/04\/BAN_1057-A4-768x511.jpg 768w, https:\/\/www.akademiaslovenciny.sk\/wp-content\/uploads\/2023\/04\/BAN_1057-A4.jpg 1000w\" sizes=\"(max-width: 200px) 100vw, 200px\" \/>5 Wochen <strong>Slowakisch<\/strong> Grammatikkurs<\/p>\n<ul>\n<li>Montag+Mittwoch oder Dienstag+Donnerstag,<br \/>\n1 Stunde\/Tag (au\u00dfer Feiertage)<\/li>\n<li class=\"x_MsoNormal\">Level: Ab B1.2<\/li>\n<li>Maximal 5 - 9 Teilnehmer*innen<\/li>\n<li class=\"x_MsoNormal\">Stunden: 10 Stunden (13,3 Unterrichtseinheiten)<\/li>\n<li class=\"x_MsoNormal\">Uhrzeit: 18:30-19:30 Uhr (MESZ)<\/li>\n<li class=\"x_xmsonormal\">Preis: \u20ac 95<\/li>\n<\/ul>\n<h2>Unser Konversationskurs in Bratislava oder online<\/h2>\n<p><img decoding=\"async\" class=\"alignright wp-image-769\" src=\"https:\/\/www.akademiaslovenciny.sk\/wp-content\/uploads\/2021\/03\/Konvkurs-420x260-1.jpg\" alt=\"\" width=\"210\" height=\"130\" \/>5 Wochen <strong>Slowakisch<\/strong> Konversationskurs<\/p>\n<ul>\n<li>Montag+Mittwoch oder Dienstag+Donnerstag,<br \/>\n1 Stunde\/Tag (au\u00dfer Feiertage)<\/li>\n<li class=\"x_MsoNormal\">Level: Ab B1 (B1 &amp; B2-C1)<\/li>\n<li>Maximal 5 - 9 Teilnehmer*innen<\/li>\n<li class=\"x_MsoNormal\">Stunden: 10 Stunden (13,3 Unterrichtseinheiten)<\/li>\n<li class=\"x_MsoNormal\">Uhrzeit: 18:30-19:30 Uhr (MESZ)<\/li>\n<li class=\"x_xmsonormal\">Preis: \u20ac 95<\/li>\n<\/ul>\n<div class=\"ba-onlinedatecontainer\" style=\"padding-right: 20px;\">\n<h4 style=\"margin-bottom: 5px; font-size: 20px; text-align: right; color: #009; font-weight: bold;\">N\u00e4chster Kursstart<\/h4>\n<p class=\"ba-livedate\" style=\"font-size: 17px; text-align: right; font-weight: 900; opacity: 0;\">09\/01\/2023,13\/02\/2023,20\/03\/2023<\/p>\n<div class=\"btn btn-success\" style=\"margin-bottom: 20px;\"><a href=\"https:\/\/www.akademiaslovenciny.sk\/de\/anmeldung-slowakischkurs\">Jetzt anmelden<\/a><\/div>\n<div style=\"clear: both;\"><\/div>\n<\/div>\n<p>Informationen zu unseren <a href=\"https:\/\/www.deutschakademie.sk\/de\/\"><strong>Deutschkursen in Bratislava<\/strong><\/a> finden Sie hier!<\/p>\n<h2><strong>Einzelstunden <\/strong>in Bratislava mit der Akad\u00e9miaSloven\u010diny<\/h2>\n<ul>\n<li>\u20ac 22,- (60 minuten)<img decoding=\"async\" class=\"size-full wp-image-21 alignright\" src=\"http:\/\/www.deutschakademie.de\/muenchen-neu\/wp-content\/uploads\/2014\/08\/ihre_vorteile_01.jpg\" alt=\"ihre_vorteile_01\" width=\"210\" height=\"130\" \/><\/li>\n<li>g\u00fcnstig<\/li>\n<li>flexibel<\/li>\n<li>und sehr effektiv!<\/li>\n<\/ul>\n<p style=\"text-align: justify;\">Auf Ihre Bed\u00fcrfnisse und Ihren Zeitplan abgestimmte Stunden. Machen Sie schneller Fortschritte und lernen Sie genau das, was sie brauchen und wann Sie Zeit haben.<br \/>\nKontaktieren Sie uns und probieren Sie mal einfach eine Stunde aus. Sie werden \u00fcberzeugt sein!<\/p>\n<p><img decoding=\"async\" class=\" wp-image-959 alignright\" style=\"text-align: justify;\" src=\"https:\/\/www.akademiaslovenciny.sk\/wp-content\/uploads\/2023\/04\/BAN_1228-A4-620x412.jpg\" alt=\"Slowakisch Kurs Bratislava\" width=\"199\" height=\"132\" srcset=\"https:\/\/www.akademiaslovenciny.sk\/wp-content\/uploads\/2023\/04\/BAN_1228-A4-620x412.jpg 620w, https:\/\/www.akademiaslovenciny.sk\/wp-content\/uploads\/2023\/04\/BAN_1228-A4-960x638.jpg 960w, https:\/\/www.akademiaslovenciny.sk\/wp-content\/uploads\/2023\/04\/BAN_1228-A4-768x511.jpg 768w, https:\/\/www.akademiaslovenciny.sk\/wp-content\/uploads\/2023\/04\/BAN_1228-A4.jpg 1000w\" sizes=\"(max-width: 199px) 100vw, 199px\" \/><\/p>\n<h2><strong>Kleine Kursgruppen &#8211; damit Sie Slowakisch besser lernen<\/strong><\/h2>\n<p style=\"text-align: justify;\">Damit Sie Slowakisch besser lernen, lernen Sie bei uns die Sprache in Kleingruppen. Ihr\/e Lehrer*in hat Zeit f\u00fcr Ihre Fragen und Bed\u00fcrfnisse. In einer Gruppe mit maximal 5 - 9 Teilnehmer*innen werden Sie besser Slowakisch lernen, als in einer gr\u00f6\u00dferen Gruppe.<\/p>\n<p>&nbsp;<\/p>\n<h2><strong>Ihr Slowakischkurs in Bratislava mit\u00a0 qualifizierten LehrerInnen<\/strong><\/h2>\n<p><img decoding=\"async\" class=\"wp-image-1013 alignright\" style=\"text-align: justify;\" src=\"https:\/\/www.akademiaslovenciny.sk\/wp-content\/uploads\/2023\/04\/BAN_1350-A4-1-620x412.jpg\" alt=\"LehrerInnen Bratislava\" width=\"209\" height=\"139\" srcset=\"https:\/\/www.akademiaslovenciny.sk\/wp-content\/uploads\/2023\/04\/BAN_1350-A4-1-620x412.jpg 620w, https:\/\/www.akademiaslovenciny.sk\/wp-content\/uploads\/2023\/04\/BAN_1350-A4-1-960x638.jpg 960w, https:\/\/www.akademiaslovenciny.sk\/wp-content\/uploads\/2023\/04\/BAN_1350-A4-1-768x511.jpg 768w, https:\/\/www.akademiaslovenciny.sk\/wp-content\/uploads\/2023\/04\/BAN_1350-A4-1.jpg 1000w\" sizes=\"(max-width: 209px) 100vw, 209px\" \/><\/p>\n<p>&nbsp;<\/p>\n<p style=\"text-align: justify;\">Ihr Erfolg im Slowakischkurs h\u00e4ngt wesentlich von Ihrem\/r Slowakisch-<\/p>\n<p>Lehrer*in ab. Deshalb w\u00e4hlen wir engagierte Lehrer*innen aus, die Ihnen die <span style=\"text-align: justify;\">slowakische Sprache mit viel p\u00e4dagogischem Geschick beibringen. Pers\u00f6nlichkeit, Erfahrung und Ausbildung sind unsere Auswahlkriterien.<\/span><\/p>\n<p>&nbsp;<\/p>\n<div>\n<h2><strong>Mit Spa\u00df zum Erfolg!<\/strong> Slowakisch lernen macht Spa\u00df!<\/h2>\n<\/div>\n<p style=\"text-align: justify;\">Der kommunikative Ansatz, die Freude am Unterrichten und die Methodenvielfalt zeichnen unsere Slowakischkurse aus. Unsere Slowakisch-Lehrer*innen machen einen spannenden Unterricht und geben Ihnen schnell die n\u00f6tige Selbstsicherheit, um die Sprache im t\u00e4glichen Gebrauch anzuwenden.<\/p>\n<p><img decoding=\"async\" class=\"size-full wp-image-26 alignright\" src=\"http:\/\/www.deutschakademie.de\/muenchen-neu\/wp-content\/uploads\/2014\/08\/home_04.jpg\" alt=\"home_04\" width=\"210\" height=\"130\" \/><\/p>\n<h2>Praktische Kurszeiten<\/h2>\n<p style=\"text-align: justify;\">Wir bieten Ihnen verschiedene Kurszeiten an: 9:00-10:30, 11:00-12.30, 18:00-19:30 Uhr (MESZ).<\/p>\n<p>&nbsp;<\/p>\n<h2><strong>12 Stufen f\u00fcr eine genaue Einstufung<\/strong><\/h2>\n<p style=\"text-align: justify;\"><img decoding=\"async\" class=\"size-full wp-image-27 alignright\" src=\"http:\/\/www.deutschakademie.de\/muenchen-neu\/wp-content\/uploads\/2014\/08\/home_05.jpg\" alt=\"home_05\" width=\"210\" height=\"130\" \/>Damit alle Teilnehmer*innen im Slowakischkurs eine homogene Gruppe bilden, haben wir 12 unterschiedliche Kursstufen, um die verschiedenen Stufen zu differenzieren. Kommen Sie zu uns ins B\u00fcro, wir machen einen m\u00fcndlichen und schriftlichen Einstufungstest. Gerne k\u00f6nnen wir das auch online machen.<\/p>\n<h2><strong>Slowakisch mitten in Bratislava<\/strong> lernen<\/h2>\n<p style=\"text-align: justify;\"><img decoding=\"async\" class=\"size-full wp-image-28 alignright\" src=\"http:\/\/www.deutschakademie.de\/muenchen-neu\/wp-content\/uploads\/2014\/08\/home_06.jpg\" alt=\"home_06\" width=\"210\" height=\"130\" \/>Verlieren Sie keine Zeit! Wir sind verkehrsg\u00fcnstig f\u00fcr Sie in der Innenstadt gelegen. Nach dem Slowakischkurs k\u00f6nnen Sie noch einen Kaffee in der Altstadt trinken.<\/p>\n<p>&nbsp;<\/p>\n<h2><strong>Engagement f\u00fcr Qualit\u00e4t<\/strong><\/h2>\n<p style=\"text-align: justify;\">In unserer Sprachschule bem\u00fchen wir uns um jede\/n einzelne\/n Teilnehmer*in. Wir nehmen uns Zeit f\u00fcr eine pers\u00f6nliche Beratung und eine genaue Einstufung durch m\u00fcndliche und schriftliche Tests. Unser Qualit\u00e4tsmanagement garantiert Ihnen eine gleichbleibende, hohe Qualit\u00e4t der Slowakischkurse.<\/p>\n<h2><strong>Wir l\u00f6sen Ihre Probleme!<\/strong><\/h2>\n<p><img decoding=\"async\" class=\"size-full wp-image-29 alignright\" src=\"http:\/\/www.deutschakademie.de\/muenchen-neu\/wp-content\/uploads\/2014\/08\/home_07.jpg\" alt=\"home_07\" width=\"210\" height=\"130\" \/><\/p>\n<p style=\"text-align: justify;\">Wir freuen uns auf Ihr Feedback. Kommen Sie zu uns ins Sekretariat, benutzen Sie eines unserer Feedbackformulare, schicken Sie uns eine elektronische Nachricht oder rufen Sie uns an. Wir l\u00f6sen auf jeden Fall Ihr Problem!<\/p>\n<p>&nbsp;<\/p>\n<p>&nbsp;<\/p>\n<h2 style=\"text-align: left;\" align=\"center\">Den Slowakischkurs in Bratislava in unserer Sprachschule buchen:<\/h2>\n<p><a href=\"https:\/\/www.akademiaslovenciny.sk\/de\/kontakt-akademiaslovenciny-bratislava\">Kontaktinfos Sprachschule in Bratislava<\/a><\/p>\n<p><a href=\"https:\/\/www.akademiaslovenciny.sk\/de\/offnungszeiten-akademiaslovenciny\">\u00d6ffnungszeiten<\/a><\/p>\n<p><a href=\"https:\/\/www.akademiaslovenciny.sk\/de\/anmeldung-slowakischkurs\">Anmeldung zum Slowakischkurs<\/a><\/p>\n<p>Tel: +421 2 38 10 14 16<br \/>\n<a href=\"&#109;&#x61;&#x69;l&#116;&#x6f;&#x3a;i&#110;&#x66;o&#64;&#x61;&#x6b;a&#100;&#x65;m&#105;&#x61;&#x73;l&#111;&#x76;&#x65;&#110;&#x63;&#x69;n&#121;&#x2e;&#x73;k\">&#x69;n&#x66;&#111;&#x40;&#97;k&#x61;d&#x65;&#109;&#x69;&#97;s&#x6c;&#111;&#x76;&#101;n&#x63;i&#x6e;&#121;&#x2e;&#115;k<\/a><\/p>\n<p>Akademia Slovenciny<br \/>\nSprachschule f\u00fcr Slowakisch in Bratislava<br \/>\nPansk\u00e1 17<br \/>\n81101 Bratislava -Star\u00e9 Mesto<br \/>\nSlowakei<\/p>\n<p style=\"text-align: center;\">\n","protected":false},"excerpt":{"rendered":"<p>Slowakischkurse in Bratislava oder online &nbsp; Unser intensiv Slowakischkurs in Bratislava oder online 5 Wochen Slowakisch\u00a0Intensivkurs Montag, Mittwoch &amp; Donnerstag, 1,5 Stunden\/Tag (au\u00dfer Feiertage) Level: A1 | A2 | B1 | B2 | C1 | C2 Maximal Teilnehmer*innen Stunden: 22,5 Stunden (30 Unterrichtseinheiten) Uhrzeit: Preis: Unser Grammatikkurs in Bratislava oder online 5 Wochen Slowakisch Grammatikkurs [&hellip;]<\/p>\n","protected":false},"author":1,"featured_media":0,"parent":0,"menu_order":0,"comment_status":"closed","ping_status":"closed","template":"","meta":{"footnotes":""},"yoast_head":"<!-- This site is optimized with the Yoast SEO plugin v22.4 - https:\/\/yoast.com\/wordpress\/plugins\/seo\/ -->\n<title>Slowakischkurs in Bratislava - AkademiaSlovenciny<\/title>\n<meta name=\"description\" content=\"Intensivkurse, Grammatikkurse, Konversationskurse oder Einzelunterricht. Bei uns finden Sie den passenden Slowakischkurs mitten in Bratislava\" \/>\n<meta name=\"robots\" content=\"index, follow, max-snippet:-1, max-image-preview:large, max-video-preview:-1\" \/>\n<link rel=\"canonical\" href=\"https:\/\/www.akademiaslovenciny.sk\/de\" \/>\n<meta property=\"og:locale\" content=\"de_DE\" \/>\n<meta property=\"og:type\" content=\"article\" \/>\n<meta property=\"og:title\" content=\"Slowakischkurs in Bratislava - AkademiaSlovenciny\" \/>\n<meta property=\"og:description\" content=\"Intensivkurse, Grammatikkurse, Konversationskurse oder Einzelunterricht. Bei uns finden Sie den passenden Slowakischkurs mitten in Bratislava\" \/>\n<meta property=\"og:url\" content=\"https:\/\/www.akademiaslovenciny.sk\/de\" \/>\n<meta property=\"og:site_name\" content=\"AkademiaSlovenciny\" \/>\n<meta property=\"article:modified_time\" content=\"2023-04-02T20:36:47+00:00\" \/>\n<meta property=\"og:image\" content=\"https:\/\/www.akademiaslovenciny.sk\/wp-content\/uploads\/2023\/04\/BAN_1624-1-A4-620x412.jpg\" \/>\n<meta name=\"twitter:card\" content=\"summary_large_image\" \/>\n<meta name=\"twitter:label1\" content=\"Gesch\u00e4tzte Lesezeit\" \/>\n\t<meta name=\"twitter:data1\" content=\"5\u00a0Minuten\" \/>\n<script type=\"application\/ld+json\" class=\"yoast-schema-graph\">{\"@context\":\"https:\/\/schema.org\",\"@graph\":[{\"@type\":\"WebPage\",\"@id\":\"https:\/\/www.akademiaslovenciny.sk\/de\",\"url\":\"https:\/\/www.akademiaslovenciny.sk\/de\",\"name\":\"Slowakischkurs in Bratislava - AkademiaSlovenciny\",\"isPartOf\":{\"@id\":\"https:\/\/www.akademiaslovenciny.sk\/de\/#website\"},\"primaryImageOfPage\":{\"@id\":\"https:\/\/www.akademiaslovenciny.sk\/de#primaryimage\"},\"image\":{\"@id\":\"https:\/\/www.akademiaslovenciny.sk\/de#primaryimage\"},\"thumbnailUrl\":\"https:\/\/www.akademiaslovenciny.sk\/wp-content\/uploads\/2023\/04\/BAN_1624-1-A4-620x412.jpg\",\"datePublished\":\"2016-10-13T13:52:10+00:00\",\"dateModified\":\"2023-04-02T20:36:47+00:00\",\"description\":\"Intensivkurse, Grammatikkurse, Konversationskurse oder Einzelunterricht. Bei uns finden Sie den passenden Slowakischkurs mitten in Bratislava\",\"breadcrumb\":{\"@id\":\"https:\/\/www.akademiaslovenciny.sk\/de#breadcrumb\"},\"inLanguage\":\"de\",\"potentialAction\":[{\"@type\":\"ReadAction\",\"target\":[\"https:\/\/www.akademiaslovenciny.sk\/de\"]}]},{\"@type\":\"ImageObject\",\"inLanguage\":\"de\",\"@id\":\"https:\/\/www.akademiaslovenciny.sk\/de#primaryimage\",\"url\":\"https:\/\/www.akademiaslovenciny.sk\/wp-content\/uploads\/2023\/04\/BAN_1624-1-A4-620x412.jpg\",\"contentUrl\":\"https:\/\/www.akademiaslovenciny.sk\/wp-content\/uploads\/2023\/04\/BAN_1624-1-A4-620x412.jpg\"},{\"@type\":\"BreadcrumbList\",\"@id\":\"https:\/\/www.akademiaslovenciny.sk\/de#breadcrumb\",\"itemListElement\":[{\"@type\":\"ListItem\",\"position\":1,\"name\":\"Startseite\",\"item\":\"https:\/\/www.akademiaslovenciny.sk\/de\"},{\"@type\":\"ListItem\",\"position\":2,\"name\":\"Slowakischkurs in Bratislava\"}]},{\"@type\":\"WebSite\",\"@id\":\"https:\/\/www.akademiaslovenciny.sk\/de\/#website\",\"url\":\"https:\/\/www.akademiaslovenciny.sk\/de\/\",\"name\":\"AkademiaSlovenciny\",\"description\":\"Kurz sloven\u010diny v Bratislave\",\"potentialAction\":[{\"@type\":\"SearchAction\",\"target\":{\"@type\":\"EntryPoint\",\"urlTemplate\":\"https:\/\/www.akademiaslovenciny.sk\/de\/?s={search_term_string}\"},\"query-input\":\"required name=search_term_string\"}],\"inLanguage\":\"de\"}]}<\/script>\n<!-- \/ Yoast SEO plugin. -->","yoast_head_json":{"title":"Slowakischkurs in Bratislava - AkademiaSlovenciny","description":"Intensivkurse, Grammatikkurse, Konversationskurse oder Einzelunterricht. Bei uns finden Sie den passenden Slowakischkurs mitten in Bratislava","robots":{"index":"index","follow":"follow","max-snippet":"max-snippet:-1","max-image-preview":"max-image-preview:large","max-video-preview":"max-video-preview:-1"},"canonical":"https:\/\/www.akademiaslovenciny.sk\/de","og_locale":"de_DE","og_type":"article","og_title":"Slowakischkurs in Bratislava - AkademiaSlovenciny","og_description":"Intensivkurse, Grammatikkurse, Konversationskurse oder Einzelunterricht. Bei uns finden Sie den passenden Slowakischkurs mitten in Bratislava","og_url":"https:\/\/www.akademiaslovenciny.sk\/de","og_site_name":"AkademiaSlovenciny","article_modified_time":"2023-04-02T20:36:47+00:00","og_image":[{"url":"https:\/\/www.akademiaslovenciny.sk\/wp-content\/uploads\/2023\/04\/BAN_1624-1-A4-620x412.jpg"}],"twitter_card":"summary_large_image","twitter_misc":{"Gesch\u00e4tzte Lesezeit":"5\u00a0Minuten"},"schema":{"@context":"https:\/\/schema.org","@graph":[{"@type":"WebPage","@id":"https:\/\/www.akademiaslovenciny.sk\/de","url":"https:\/\/www.akademiaslovenciny.sk\/de","name":"Slowakischkurs in Bratislava - AkademiaSlovenciny","isPartOf":{"@id":"https:\/\/www.akademiaslovenciny.sk\/de\/#website"},"primaryImageOfPage":{"@id":"https:\/\/www.akademiaslovenciny.sk\/de#primaryimage"},"image":{"@id":"https:\/\/www.akademiaslovenciny.sk\/de#primaryimage"},"thumbnailUrl":"https:\/\/www.akademiaslovenciny.sk\/wp-content\/uploads\/2023\/04\/BAN_1624-1-A4-620x412.jpg","datePublished":"2016-10-13T13:52:10+00:00","dateModified":"2023-04-02T20:36:47+00:00","description":"Intensivkurse, Grammatikkurse, Konversationskurse oder Einzelunterricht. Bei uns finden Sie den passenden Slowakischkurs mitten in Bratislava","breadcrumb":{"@id":"https:\/\/www.akademiaslovenciny.sk\/de#breadcrumb"},"inLanguage":"de","potentialAction":[{"@type":"ReadAction","target":["https:\/\/www.akademiaslovenciny.sk\/de"]}]},{"@type":"ImageObject","inLanguage":"de","@id":"https:\/\/www.akademiaslovenciny.sk\/de#primaryimage","url":"https:\/\/www.akademiaslovenciny.sk\/wp-content\/uploads\/2023\/04\/BAN_1624-1-A4-620x412.jpg","contentUrl":"https:\/\/www.akademiaslovenciny.sk\/wp-content\/uploads\/2023\/04\/BAN_1624-1-A4-620x412.jpg"},{"@type":"BreadcrumbList","@id":"https:\/\/www.akademiaslovenciny.sk\/de#breadcrumb","itemListElement":[{"@type":"ListItem","position":1,"name":"Startseite","item":"https:\/\/www.akademiaslovenciny.sk\/de"},{"@type":"ListItem","position":2,"name":"Slowakischkurs in Bratislava"}]},{"@type":"WebSite","@id":"https:\/\/www.akademiaslovenciny.sk\/de\/#website","url":"https:\/\/www.akademiaslovenciny.sk\/de\/","name":"AkademiaSlovenciny","description":"Kurz sloven\u010diny v Bratislave","potentialAction":[{"@type":"SearchAction","target":{"@type":"EntryPoint","urlTemplate":"https:\/\/www.akademiaslovenciny.sk\/de\/?s={search_term_string}"},"query-input":"required name=search_term_string"}],"inLanguage":"de"}]}},"_links":{"self":[{"href":"https:\/\/www.akademiaslovenciny.sk\/de\/wp-json\/wp\/v2\/pages\/33"}],"collection":[{"href":"https:\/\/www.akademiaslovenciny.sk\/de\/wp-json\/wp\/v2\/pages"}],"about":[{"href":"https:\/\/www.akademiaslovenciny.sk\/de\/wp-json\/wp\/v2\/types\/page"}],"author":[{"embeddable":true,"href":"https:\/\/www.akademiaslovenciny.sk\/de\/wp-json\/wp\/v2\/users\/1"}],"replies":[{"embeddable":true,"href":"https:\/\/www.akademiaslovenciny.sk\/de\/wp-json\/wp\/v2\/comments?post=33"}],"version-history":[{"count":64,"href":"https:\/\/www.akademiaslovenciny.sk\/de\/wp-json\/wp\/v2\/pages\/33\/revisions"}],"predecessor-version":[{"id":1109,"href":"https:\/\/www.akademiaslovenciny.sk\/de\/wp-json\/wp\/v2\/pages\/33\/revisions\/1109"}],"wp:attachment":[{"href":"https:\/\/www.akademiaslovenciny.sk\/de\/wp-json\/wp\/v2\/media?parent=33"}],"curies":[{"name":"wp","href":"https:\/\/api.w.org\/{rel}","templated":true}]}}