{"id":240,"date":"2018-12-15T16:09:45","date_gmt":"2018-12-15T16:09:45","guid":{"rendered":"https:\/\/www.akademiaslovenciny.sk\/wp?page_id=240"},"modified":"2019-02-28T12:36:43","modified_gmt":"2019-02-28T12:36:43","slug":"bezahlung","status":"publish","type":"page","link":"https:\/\/www.akademiaslovenciny.sk\/de\/bezahlung","title":{"rendered":"Bezahlung"},"content":{"rendered":"<h1 style=\"text-align: center;\">Wie kann ich meinen Slowakischkurs bezahlen?<\/h1>\n<div id=\"content\">\n<h2 style=\"text-align: left;\">Wenn Sie in Bratislava wohnen, bezahlen Sie bitte:<\/h2>\n<p><strong>Direkt im Sekretariat der Akad\u00e9miaSloven\u010diny Bratislava:<\/strong><\/p>\n<p>Akad\u00e9miaSloven\u010diny<br \/>\nSprachschule f\u00fcr Slowakischkurse in Bratislava<br \/>\nPansk\u00e1 17<br \/>\n811 01 Bratislava &#8211; Star\u00e9 Mesto<\/p>\n<p><img decoding=\"async\" src=\"http:\/\/www.akademiaslovenciny.sk\/allebilder\/grafiken\/phone.gif\" alt=\"\" width=\"18\" height=\"18\" \/>\u00a0+421 2 38 10 14 16<br \/>\n<img decoding=\"async\" src=\"http:\/\/www.akademiaslovenciny.sk\/allebilder\/grafiken\/MAIL.gif\" alt=\"\" width=\"18\" height=\"18\" \/>\u00a0<a href=\"&#x6d;&#x61;&#x69;&#x6c;&#116;&#111;:in&#x66;&#x6f;&#x40;&#x61;&#107;&#97;dem&#x69;&#x61;&#x73;&#x6c;&#111;&#118;&#101;nc&#x69;&#x6e;&#x79;&#x2e;&#115;&#107;\">i&#110;&#102;&#x6f;&#x40;&#x61;k&#97;&#100;&#x65;&#x6d;&#x69;as&#108;&#x6f;&#x76;&#x65;nc&#105;&#110;&#x79;&#x2e;&#x73;k<\/a><\/p>\n<h2>Den Slowakischkurs in Bratislava per Bank\u00fcberweisung bezahlen:<\/h2>\n<p>Per Bank\u00fcberweisung (bitte schicken Sie uns gleichzeitig mit der Bezahlung eine <strong>Best\u00e4tigung<\/strong> Ihrer Bank) an:<\/p>\n<p>Management and Language Training s.r.o.<\/p>\n<p>Akad\u00e9miaSloven\u010diny<\/p>\n<p>Pansk\u00e1 17, 81101 Bratislava<\/p>\n<p>Konto-Nr.: 2929855090<\/p>\n<p>Bankleitzahl: 1100<\/p>\n<p>IBAN: SK73 1100 0000 0029 2985 5090<\/p>\n<p>BIC\/SWIFT-Code: TATRSKBX<\/p>\n<p>Bank: Tatra banka, 81106 Bratislava<\/p>\n<p><strong>ACHTUNG:<\/strong> Bitte \u00fcberweisen Sie rechtzeitig, damit Ihre Reservierung nicht verf\u00e4llt!<\/p>\n<p>Alle Zahlungen haben spesenfrei f\u00fcr den Empf\u00e4nger zu erfolgen.<\/p>\n<p>&nbsp;<\/p>\n<p style=\"text-align: center;\">Recommend this page (you have to allow popup-window)<\/p>\n<\/div>\n","protected":false},"excerpt":{"rendered":"<p>Wie kann ich meinen Slowakischkurs bezahlen? Wenn Sie in Bratislava wohnen, bezahlen Sie bitte: Direkt im Sekretariat der Akad\u00e9miaSloven\u010diny Bratislava: Akad\u00e9miaSloven\u010diny Sprachschule f\u00fcr Slowakischkurse in Bratislava Pansk\u00e1 17 811 01 Bratislava &#8211; Star\u00e9 Mesto \u00a0+421 2 38 10 14 16 \u00a0i&#110;&#x66;&#x6f;&#64;&#97;&#x6b;&#x61;d&#101;&#x6d;&#x69;a&#115;&#x6c;&#x6f;v&#101;&#x6e;&#x63;i&#110;&#121;&#x2e;&#x73;k Den Slowakischkurs in Bratislava per Bank\u00fcberweisung bezahlen: Per Bank\u00fcberweisung (bitte schicken Sie uns gleichzeitig [&hellip;]<\/p>\n","protected":false},"author":1,"featured_media":0,"parent":0,"menu_order":700,"comment_status":"closed","ping_status":"closed","template":"","meta":{"footnotes":""},"yoast_head":"<!-- This site is optimized with the Yoast SEO plugin v22.4 - https:\/\/yoast.com\/wordpress\/plugins\/seo\/ -->\n<title>Bezahlung - AkademiaSlovenciny<\/title>\n<meta name=\"robots\" content=\"index, follow, max-snippet:-1, max-image-preview:large, max-video-preview:-1\" \/>\n<link rel=\"canonical\" href=\"https:\/\/www.akademiaslovenciny.sk\/de\/bezahlung\" \/>\n<meta property=\"og:locale\" content=\"de_DE\" \/>\n<meta property=\"og:type\" content=\"article\" \/>\n<meta property=\"og:title\" content=\"Bezahlung - AkademiaSlovenciny\" \/>\n<meta property=\"og:description\" content=\"Wie kann ich meinen Slowakischkurs bezahlen? Wenn Sie in Bratislava wohnen, bezahlen Sie bitte: Direkt im Sekretariat der Akad\u00e9miaSloven\u010diny Bratislava: Akad\u00e9miaSloven\u010diny Sprachschule f\u00fcr Slowakischkurse in Bratislava Pansk\u00e1 17 811 01 Bratislava &#8211; Star\u00e9 Mesto \u00a0+421 2 38 10 14 16 \u00a0&#105;&#110;&#x66;o&#064;&#x61;&#x6b;a&#100;&#x65;&#x6d;i&#097;&#x73;l&#111;&#x76;&#x65;n&#099;&#x69;&#x6e;y&#046;&#x73;k Den Slowakischkurs in Bratislava per Bank\u00fcberweisung bezahlen: Per Bank\u00fcberweisung (bitte schicken Sie uns gleichzeitig [&hellip;]\" \/>\n<meta property=\"og:url\" content=\"https:\/\/www.akademiaslovenciny.sk\/de\/bezahlung\" \/>\n<meta property=\"og:site_name\" content=\"AkademiaSlovenciny\" \/>\n<meta property=\"article:modified_time\" content=\"2019-02-28T12:36:43+00:00\" \/>\n<meta property=\"og:image\" content=\"http:\/\/www.akademiaslovenciny.sk\/allebilder\/grafiken\/phone.gif\" \/>\n<meta name=\"twitter:card\" content=\"summary_large_image\" \/>\n<meta name=\"twitter:label1\" content=\"Gesch\u00e4tzte Lesezeit\" \/>\n\t<meta name=\"twitter:data1\" content=\"1\u00a0Minute\" \/>\n<script type=\"application\/ld+json\" class=\"yoast-schema-graph\">{\"@context\":\"https:\/\/schema.org\",\"@graph\":[{\"@type\":\"WebPage\",\"@id\":\"https:\/\/www.akademiaslovenciny.sk\/de\/bezahlung\",\"url\":\"https:\/\/www.akademiaslovenciny.sk\/de\/bezahlung\",\"name\":\"Bezahlung - AkademiaSlovenciny\",\"isPartOf\":{\"@id\":\"https:\/\/www.akademiaslovenciny.sk\/de\/#website\"},\"primaryImageOfPage\":{\"@id\":\"https:\/\/www.akademiaslovenciny.sk\/de\/bezahlung#primaryimage\"},\"image\":{\"@id\":\"https:\/\/www.akademiaslovenciny.sk\/de\/bezahlung#primaryimage\"},\"thumbnailUrl\":\"http:\/\/www.akademiaslovenciny.sk\/allebilder\/grafiken\/phone.gif\",\"datePublished\":\"2018-12-15T16:09:45+00:00\",\"dateModified\":\"2019-02-28T12:36:43+00:00\",\"breadcrumb\":{\"@id\":\"https:\/\/www.akademiaslovenciny.sk\/de\/bezahlung#breadcrumb\"},\"inLanguage\":\"de\",\"potentialAction\":[{\"@type\":\"ReadAction\",\"target\":[\"https:\/\/www.akademiaslovenciny.sk\/de\/bezahlung\"]}]},{\"@type\":\"ImageObject\",\"inLanguage\":\"de\",\"@id\":\"https:\/\/www.akademiaslovenciny.sk\/de\/bezahlung#primaryimage\",\"url\":\"http:\/\/www.akademiaslovenciny.sk\/allebilder\/grafiken\/phone.gif\",\"contentUrl\":\"http:\/\/www.akademiaslovenciny.sk\/allebilder\/grafiken\/phone.gif\"},{\"@type\":\"BreadcrumbList\",\"@id\":\"https:\/\/www.akademiaslovenciny.sk\/de\/bezahlung#breadcrumb\",\"itemListElement\":[{\"@type\":\"ListItem\",\"position\":1,\"name\":\"Startseite\",\"item\":\"https:\/\/www.akademiaslovenciny.sk\/de\"},{\"@type\":\"ListItem\",\"position\":2,\"name\":\"Bezahlung\"}]},{\"@type\":\"WebSite\",\"@id\":\"https:\/\/www.akademiaslovenciny.sk\/de\/#website\",\"url\":\"https:\/\/www.akademiaslovenciny.sk\/de\/\",\"name\":\"AkademiaSlovenciny\",\"description\":\"Kurz sloven\u010diny v Bratislave\",\"potentialAction\":[{\"@type\":\"SearchAction\",\"target\":{\"@type\":\"EntryPoint\",\"urlTemplate\":\"https:\/\/www.akademiaslovenciny.sk\/de\/?s={search_term_string}\"},\"query-input\":\"required name=search_term_string\"}],\"inLanguage\":\"de\"}]}<\/script>\n<!-- \/ Yoast SEO plugin. -->","yoast_head_json":{"title":"Bezahlung - AkademiaSlovenciny","robots":{"index":"index","follow":"follow","max-snippet":"max-snippet:-1","max-image-preview":"max-image-preview:large","max-video-preview":"max-video-preview:-1"},"canonical":"https:\/\/www.akademiaslovenciny.sk\/de\/bezahlung","og_locale":"de_DE","og_type":"article","og_title":"Bezahlung - AkademiaSlovenciny","og_description":"Wie kann ich meinen Slowakischkurs bezahlen? Wenn Sie in Bratislava wohnen, bezahlen Sie bitte: Direkt im Sekretariat der Akad\u00e9miaSloven\u010diny Bratislava: Akad\u00e9miaSloven\u010diny Sprachschule f\u00fcr Slowakischkurse in Bratislava Pansk\u00e1 17 811 01 Bratislava &#8211; Star\u00e9 Mesto \u00a0+421 2 38 10 14 16 \u00a0&#105;&#110;&#x66;o&#64;&#x61;&#x6b;a&#100;&#x65;&#x6d;i&#97;&#x73;l&#111;&#x76;&#x65;n&#99;&#x69;&#x6e;y&#46;&#x73;k Den Slowakischkurs in Bratislava per Bank\u00fcberweisung bezahlen: Per Bank\u00fcberweisung (bitte schicken Sie uns gleichzeitig [&hellip;]","og_url":"https:\/\/www.akademiaslovenciny.sk\/de\/bezahlung","og_site_name":"AkademiaSlovenciny","article_modified_time":"2019-02-28T12:36:43+00:00","og_image":[{"url":"http:\/\/www.akademiaslovenciny.sk\/allebilder\/grafiken\/phone.gif"}],"twitter_card":"summary_large_image","twitter_misc":{"Gesch\u00e4tzte Lesezeit":"1\u00a0Minute"},"schema":{"@context":"https:\/\/schema.org","@graph":[{"@type":"WebPage","@id":"https:\/\/www.akademiaslovenciny.sk\/de\/bezahlung","url":"https:\/\/www.akademiaslovenciny.sk\/de\/bezahlung","name":"Bezahlung - AkademiaSlovenciny","isPartOf":{"@id":"https:\/\/www.akademiaslovenciny.sk\/de\/#website"},"primaryImageOfPage":{"@id":"https:\/\/www.akademiaslovenciny.sk\/de\/bezahlung#primaryimage"},"image":{"@id":"https:\/\/www.akademiaslovenciny.sk\/de\/bezahlung#primaryimage"},"thumbnailUrl":"http:\/\/www.akademiaslovenciny.sk\/allebilder\/grafiken\/phone.gif","datePublished":"2018-12-15T16:09:45+00:00","dateModified":"2019-02-28T12:36:43+00:00","breadcrumb":{"@id":"https:\/\/www.akademiaslovenciny.sk\/de\/bezahlung#breadcrumb"},"inLanguage":"de","potentialAction":[{"@type":"ReadAction","target":["https:\/\/www.akademiaslovenciny.sk\/de\/bezahlung"]}]},{"@type":"ImageObject","inLanguage":"de","@id":"https:\/\/www.akademiaslovenciny.sk\/de\/bezahlung#primaryimage","url":"http:\/\/www.akademiaslovenciny.sk\/allebilder\/grafiken\/phone.gif","contentUrl":"http:\/\/www.akademiaslovenciny.sk\/allebilder\/grafiken\/phone.gif"},{"@type":"BreadcrumbList","@id":"https:\/\/www.akademiaslovenciny.sk\/de\/bezahlung#breadcrumb","itemListElement":[{"@type":"ListItem","position":1,"name":"Startseite","item":"https:\/\/www.akademiaslovenciny.sk\/de"},{"@type":"ListItem","position":2,"name":"Bezahlung"}]},{"@type":"WebSite","@id":"https:\/\/www.akademiaslovenciny.sk\/de\/#website","url":"https:\/\/www.akademiaslovenciny.sk\/de\/","name":"AkademiaSlovenciny","description":"Kurz sloven\u010diny v Bratislave","potentialAction":[{"@type":"SearchAction","target":{"@type":"EntryPoint","urlTemplate":"https:\/\/www.akademiaslovenciny.sk\/de\/?s={search_term_string}"},"query-input":"required name=search_term_string"}],"inLanguage":"de"}]}},"_links":{"self":[{"href":"https:\/\/www.akademiaslovenciny.sk\/de\/wp-json\/wp\/v2\/pages\/240"}],"collection":[{"href":"https:\/\/www.akademiaslovenciny.sk\/de\/wp-json\/wp\/v2\/pages"}],"about":[{"href":"https:\/\/www.akademiaslovenciny.sk\/de\/wp-json\/wp\/v2\/types\/page"}],"author":[{"embeddable":true,"href":"https:\/\/www.akademiaslovenciny.sk\/de\/wp-json\/wp\/v2\/users\/1"}],"replies":[{"embeddable":true,"href":"https:\/\/www.akademiaslovenciny.sk\/de\/wp-json\/wp\/v2\/comments?post=240"}],"version-history":[{"count":8,"href":"https:\/\/www.akademiaslovenciny.sk\/de\/wp-json\/wp\/v2\/pages\/240\/revisions"}],"predecessor-version":[{"id":418,"href":"https:\/\/www.akademiaslovenciny.sk\/de\/wp-json\/wp\/v2\/pages\/240\/revisions\/418"}],"wp:attachment":[{"href":"https:\/\/www.akademiaslovenciny.sk\/de\/wp-json\/wp\/v2\/media?parent=240"}],"curies":[{"name":"wp","href":"https:\/\/api.w.org\/{rel}","templated":true}]}}