{"id":187,"date":"2018-12-14T14:14:04","date_gmt":"2018-12-14T14:14:04","guid":{"rendered":"https:\/\/www.akademiaslovenciny.sk\/wp?page_id=187"},"modified":"2019-02-18T12:48:03","modified_gmt":"2019-02-18T12:48:03","slug":"datenschutzerklarung","status":"publish","type":"page","link":"https:\/\/www.akademiaslovenciny.sk\/de\/datenschutzerklarung","title":{"rendered":"Datenschutzerkl\u00e4rung"},"content":{"rendered":"<h1 style=\"text-align: center;\" align=\"center\">Datenschutzerkl\u00e4rung der Webseite akademiaslovenciny.sk<\/h1>\n<p><strong>Verantwortlicher: <\/strong><br \/>\nManagement and Language Training s.r.o.<br \/>\nPansk\u00c3\u00a1 17, 811 01 Bratislava<br \/>\nSlowakei<br \/>\nTel: +421 238 101 416<br \/>\nE: &#x69;&#110;f&#x6f;&#x40;&#100;e&#x75;&#x74;&#115;c&#x68;&#97;k&#x61;&#x64;&#101;m&#x69;&#x65;&#46;s&#x6b;<\/p>\n<p><strong>Allgemeines <\/strong><\/p>\n<p>Der Schutz und die Sicherheit Ihrer pers\u00f6nlichen Daten sind uns ein wichtiges Anliegen. Diese Webseite speichert und verarbeitet Daten daher ausschlie\u00dflich im Sinne der \u00f6sterreichischen Gesetze und der europ\u00e4ischen Datenschutzgrundverordnung (DSGVO). Die aktuelle Fassung der DSG VO finden sie unter <a href=\"http:\/\/eur-lex.europa.eu\/legal-content\/DE\/TXT\/HTML\/?uri=CELEX:32016R0679&amp;from=DE\">http:\/\/eur-lex.europa.eu\/legal-content\/DE\/TXT\/HTML\/?uri=CELEX:32016R0679&amp;from=DE<\/a><\/p>\n<p>Diese Datenschutzerkl\u00e4rung bezieht sich nur auf diese Webseite. Falls Sie \u00fcber Links auf unseren Seiten auf andere Seiten weitergeleitet werden, informieren Sie sich direkt auf der weitergeleiteten Webseite \u00fcber den jeweiligen Umgang mit Ihren Daten. Ihre personenbezogenen Daten (z.B. Anrede, Name, Anschrift, E-Mail-Adresse, Telefonnummer, Bankverbindung, Kreditkartennummer) werden von uns nur gem\u00e4\u00df den Bestimmungen des \u00f6sterreichischen Datenschutzrechts verarbeitet. Die nachfolgenden Vorschriften informieren Sie \u00fcber Art, Umfang und Zweck der Erhebung, Verarbeitung und Nutzung personenbezogener Daten.<\/p>\n<p>Die Nutzung dieser Webseite ist in der Regel ohne Angabe personenbezogener Daten m\u00f6glich. Soweit auf unseren Seiten personenbezogene Daten (beispielsweise Name, Anschrift oder E-Mail-Adressen) erhoben werden, erfolgt dies, soweit m\u00f6glich, stets auf freiwilliger Basis. Diese Daten werden ohne Ihre ausdr\u00fcckliche Zustimmung nicht an Dritte weitergegeben.<\/p>\n<p>Wir weisen darauf hin, dass die Daten\u00fcbertragung im Internet (z.B. bei der Kommunikation per E-Mail, oder \u00fcber nicht verschl\u00fcsselte Webseiten) Sicherheitsl\u00fccken aufweisen kann. Ein l\u00fcckenloser Schutz der Daten vor dem Zugriff durch Dritte ist nicht m\u00f6glich.<\/p>\n<p><strong>Betroffenenrechte <\/strong><\/p>\n<p>Nach der EU Datenschutzgrundverordnung stehen Ihnen als Betroffener umfangreiche Rechte zu. Diese Rechte sollen vor allem f\u00fcr mehr Transparenz im Zusammenhang mit Ihren Daten sorgen. Ihre Rechte als betroffene Person sind das Recht auf Auskunft \u00fcber die Sie betreffenden personenbezogenen Daten, auf Berichtigung, L\u00f6schung, Einschr\u00e4nkung der Verarbeitung, Widerspruch gegen die Verarbeitung sowie auf Daten\u00fcbertragbarkeit (nur bei Vertragsbeziehung oder Einwilligung) und jederzeitigen Widerruf einer Einwilligung. Der Widerruf der Einwilligung ber\u00fchrt nicht die Rechtm\u00e4\u00dfigkeit der Verarbeitung bis zum Eintreffen des Widerrufs beim Verantwortlichen. Dar\u00fcber hinaus haben Sie jederzeit das Recht, hinsichtlich der Verarbeitung Ihrer personenbezogenen Daten Beschwerde bei der Datenschutzbeh\u00f6rde einzubringen.<\/p>\n<p>Die betroffenen Personen k\u00f6nnen s\u00e4mtliche Rechte durch ein Email an d&#97;&#x74;&#x65;n&#115;&#x63;&#x68;u&#116;&#122;&#x40;&#x64;e&#117;&#x74;&#x73;c&#104;&#x61;&#x6b;a&#100;&#101;&#x6d;&#x69;e&#46;&#x63;&#x6f;m oder durch <strong>pers\u00f6nliche Kontaktaufnahme <\/strong>(z.B. per Telefon oder direkt vor Ort) oder durch eine <strong>Mitteilung per Post <\/strong>aus\u00fcben.<\/p>\n<p><strong>Datenl\u00f6schung<\/strong><\/p>\n<p>Ihre Daten werden gel\u00f6scht, sobald der jeweilige Vertrag mit Ihnen erf\u00fcllt ist und keine gesetzliche Pflicht zur Speicherung der Daten mehr besteht. So werden Ihre Daten grunds\u00e4tzlich am Ende des 7. (siebenten) Jahres nach Verbuchung des letzten Beleges gel\u00f6scht; Aufbewahrungsfrist nach \u00c2\u00a7 132 BAO.<\/p>\n<p>Gesetzliche\/rechtliche Aufbewahrungspflichten oder vertragliche Verpflichtungen z.B. gegen\u00fcber Kunden aus Gew\u00e4hrleistung oder Schadenersatz oder gegen\u00fcber Vertragspartnern sind eine Grundlage die personenbezogenen Daten weiterhin zu speichern. (Art 6 Abs 1 lit c DSGVO \u2013 Grundlage der Rechtm\u00e4\u00dfigkeit der Verarbeitung: gesetzliche \/ rechtliche Verpflichtung)<\/p>\n<p><strong>\u00c3\u0153bermittlung an Empf\u00e4nger in Drittl\u00e4ndern <\/strong><\/p>\n<p>Die von uns erhobenen Daten werden \u00fcblicherweise nicht an Empf\u00e4nger in Drittl\u00e4ndern \u00fcbermittelt. Sollte doch eine \u00c3\u0153bermittlung an Empf\u00e4nger in Drittl\u00e4nder erfolgen, dann erfolgt dies im Rahmen einer vertraglichen Regelung mit dem Empf\u00e4nger (bspw. mittels Standardvertragsklauseln) und auch nur im notwendigen Umfang.<\/p>\n<p><strong>Links <\/strong><\/p>\n<p>Wir \u00fcberpr\u00fcfen Links, die unsere Webseite verlassen, redaktionell sehr sorgf\u00e4ltig. Trotzdem \u00fcbernehmen wir f\u00fcr Inhalte auf Seiten, auf die von dieser Webseite oder von einem anderen Internetauftritt aus gelinkt wird, keinerlei Verantwortung oder Haftung.<\/p>\n<p><strong>Bestandsdaten <\/strong><\/p>\n<p>Ohne Ihre ausdr\u00fcckliche Einwilligung oder ohne gesetzliche Grundlage werden Ihre personenbezogenen Daten nicht an au\u00dferhalb der Vertragsabwicklung stehende Dritte weitergegeben. Nach vollst\u00e4ndiger Vertragsabwicklung werden Ihre Daten f\u00fcr die weitere Verwendung gesperrt. Nach Ablauf der steuer- und handelsrechtlichen Vorschriften werden diese Daten gel\u00f6scht (siehe Datenl\u00f6schung), sofern Sie nicht ausdr\u00fccklich in die weitere Nutzung eingewilligt haben.<\/p>\n<p>Ihre personenbezogenen Daten, soweit diese f\u00fcr die Begr\u00fcndung, inhaltliche Ausgestaltung oder \u00c3\u201enderung des Vertragsverh\u00e4ltnisses erforderlich sind (Bestandsdaten), werden ausschlie\u00dflich zur Vertragsabwicklung verwendet. So muss z.B. zur Zustellung der Waren Ihr Name und Ihre Anschrift an den Warenlieferanten weitergegeben werden.<\/p>\n<p><strong>Informationen \u00fcber Cookies <\/strong><\/p>\n<p>Man unterscheidet drei Kategorien von Cookies:<\/p>\n<p># unbedingt notwendige Cookies um grundlegende Funktionen der Website sicherzustellen<\/p>\n<p># funktionelle Cookies um die Leistung der Webseite sicherzustellen<\/p>\n<p># zielorientierte Cookies um das Benutzererlebnis zu verbessern.<\/p>\n<p>Die Internetseiten verwenden teilweise sogenannte Cookies. Cookies richten auf Ihrem Rechner keinen Schaden an und enthalten keine Viren. Cookies dienen dazu, unser Angebot nutzerfreundlicher, effektiver und sicherer zu machen. Cookies sind kleine Textdateien, die auf Ihrem Rechner abgelegt werden und die Ihr Browser speichert.<\/p>\n<p>Die meisten der von uns verwendeten Cookies sind so genannte \u00e2\u20ac\u017eSession-Cookies\u00e2\u20ac\u0153. Sie werden nach Ende Ihres Besuchs automatisch gel\u00f6scht. Andere Cookies bleiben auf Ihrem Endger\u00e4t gespeichert, bis Sie diese l\u00f6schen. Diese Cookies erm\u00f6glichen es uns, Ihren Browser beim n\u00e4chsten Besuch wiederzuerkennen.<\/p>\n<p>Sie k\u00f6nnen Ihren Browser so einstellen, dass Sie \u00fcber das Setzen von Cookies informiert werden und Cookies nur im Einzelfall erlauben, die Annahme von Cookies f\u00fcr bestimmte F\u00e4lle oder generell ausschlie\u00dfen sowie das automatische L\u00f6schen der Cookies beim Schlie\u00dfen des Browsers aktivieren. Bei der Deaktivierung von Cookies kann die Funktionalit\u00e4t dieser Website eingeschr\u00e4nkt sein.<\/p>\n<p><strong>Funktionseinschr\u00e4nkungen ohne Cookies <\/strong><\/p>\n<p>Wenn Sie uns generell nicht gestatten, Cookies zu nutzen, werden gewisse Funktionen und Seiten nicht wie erwartet funktionieren.<\/p>\n<p><strong>Webanalyse mit Google Analytics <\/strong><\/p>\n<p>Diese Website nutzt Funktionen des Webanalysedienstes Google Analytics. Anbieter ist die Google Inc., 1600 Amphitheatre Parkway Mountain View, CA 94043, USA. Google Analytics verwendet zielorientierten Cookies.<\/p>\n<p>Mehr Informationen zum Umgang mit Nutzerdaten bei Google Analytics finden Sie in der Datenschutzerkl\u00e4rung von Google: https:\/\/support.google.com\/analytics\/answer\/6004245?hl=de<\/p>\n<p>Sie k\u00f6nnen die Erfassung, der durch das Cookie erzeugten und auf Ihre Nutzung der Website bezogenen Daten an Google, sowie die Verarbeitung dieser Daten durch Google verhindern, indem Sie das unter dem folgenden Link verf\u00fcgbare Browser-Plugin herunterladen und installieren: https:\/\/tools.google.com\/dlpage\/gaoptout?hl=de<\/p>\n<p>Alternativ k\u00f6nnen Sie die Erfassung Ihrer Daten durch Google Analytics verhindern, indem Sie auf folgenden Link klicken (eine genaue Anleitung finden sie unter https:\/\/developers.google.com\/analytics\/devguides\/collection\/gajs\/#disable ). Es wird ein Opt-Out-Cookie gesetzt, das die Erfassung Ihrer Daten bei zuk\u00fcnftigen Besuchen dieser Website verhindert:<\/p>\n<p>Diese Webseite benutzt Google Analytics mit der Erweiterung \u201eanonymizeIP()\u201c, damit die IP-Adressen nur gek\u00fcrzt weiterverarbeitet werden, um eine direkte Personenbeziehbarkeit auszuschlie\u00dfen.<\/p>\n<p><strong>Anmeldeformular <\/strong><\/p>\n<p>Wenn Sie uns \u00fcber unser Anmeldeformular Ihre Anmeldedaten zu einem Kurs zukommen lassen, werden wir die von Ihnen eingegebenen Daten ausschlie\u00dflich f\u00fcr die Bearbeitung Ihrer Anmeldung, der allgemeinen Gesch\u00e4ftsentwicklung und statistische Zwecke verwenden, eine Weitergabe der Daten an Dritte erfolgt nicht. Die von Ihnen im Anmeldeformular eingegebenen Daten verbleiben bei uns, bis Sie uns zur L\u00f6schung auffordern, Ihre Einwilligung zur Speicherung widerrufen oder der Zweck f\u00fcr die Datenspeicherung entf\u00e4llt (z.B. nach abgeschlossener Bearbeitung Ihrer Anfrage). Zwingende gesetzliche Bestimmungen \u00e2\u20ac\u201c insbesondere Aufbewahrungsfristen \u00e2\u20ac\u201c bleiben unber\u00fchrt.<\/p>\n<p><strong>Kommentarfunktion <\/strong><\/p>\n<p>Sie haben auf unserer Webseite die M\u00f6glichkeit, Kommentare zu hinterlassen. Hierf\u00fcr verwenden wir die Kommentarfunktion von WordPress. Sie m\u00fcssen sich hierzu mit einem Account einloggen. F\u00fcr die Kommentarfunktion auf dieser Seite werden neben Ihrem Kommentar auch Angaben zum Zeitpunkt der Erstellung des Kommentars und der von Ihnen gew\u00e4hlte Nutzername gespeichert.<\/p>\n<p><strong>Social Plugins von Facebook <\/strong><\/p>\n<p>Wir verwenden Social Plugins von facebook.com, betrieben durch Facebook Inc., 1 Hacker Way, Menlo Park, California 94025, USA. Die Plugins sind an dem Facebook Logo oder dem Zusatz \u201eFacebook Social Plugin\u201c zu erkennen. Wenn Sie z.B. den \u201eGef\u00e4llt mir\u201c Button anklicken oder einen Kommentar abgeben, wird die entsprechende Information von Ihrem Browser direkt an Facebook \u00fcbermittelt und dort gespeichert. Weiterhin macht Facebook Ihre Vorlieben f\u00fcr Ihre Facebook-Freunde \u00f6ffentlich. Sind Sie bei Facebook eingeloggt, kann Facebook den Aufruf unserer Seite Ihrem Facebook-Konto direkt zuordnen. Auch wenn Sie nicht eingeloggt sind oder gar kein Facebook-Konto besitzen, \u00fcbermittelt Ihr Browser Informationen (z.B. welchen Webseite Sie aufgerufen haben, Ihre IP-Adresse), die von Facebook gespeichert werden. Wir weisen darauf hin, dass wir als Anbieter der Seiten keine Kenntnis vom Inhalt der \u00fcbermittelten Daten sowie deren Nutzung durch Facebook erhalten.<\/p>\n<p>Details zum Umgang mit Ihren pers\u00f6nlichen Daten durch Facebook sowie Ihren diesbez\u00fcglichen Rechten entnehmen Sie bitte den Datenschutzhinweisen von Facebook: http:\/\/www.facebook.com\/policy.php. Wenn Sie nicht m\u00f6chten, dass Facebook die \u00fcber unsere Webseiten \u00fcber Sie gesammelten Daten Ihrem Facebook-Konto zuordnet, m\u00fcssen Sie sich vor Ihrem Besuch unserer Webseiten bei Facebook ausloggen.<\/p>\n<p><strong>Social Plugins von Youtube <\/strong><\/p>\n<p>Wir verwenden Social Plugins der von Google betriebenen Seite YouTube. Betreiber dieser Seite ist die YouTube, LLC, 901 Cherry Ave., San Bruno, CA 94066, USA. Wenn Sie unsere mit einem YouTube-Plugin ausgestattete Seite besuchen, wird eine Verbindung zu den Servern von YouTube hergestellt. Dabei wird dem Youtube-Server mitgeteilt, dass sie unsere Seiten Sie besucht haben.<\/p>\n<p>Wenn Sie in Ihrem YouTube-Account eingeloggt sind, erm\u00f6glichen Sie YouTube, den Besuch unserer Seite Ihrem Benutzerkonto zuordnen. Dies k\u00f6nnen Sie verhindern, indem Sie sich aus Ihrem YouTube-Account ausloggen<\/p>\n<p><strong>Social Plugins von Google+ <\/strong><\/p>\n<p>Wir verwenden auf unserer Webseite die Funktionen von Google+. Anbieter ist die Google Inc., 1600 Amphitheatre Parkway Mountain View, CA 94043, USA.<\/p>\n<p>Erfassung und Weitergabe von Informationen: Mithilfe der Google+-Schaltfl\u00e4che k\u00f6nnen Sie Informationen weltweit ver\u00f6ffentlichen. \u00fcber die Google+-Schaltfl\u00e4che erhalten Sie und andere Nutzer personalisierte Inhalte von Google und unseren Partnern. Google speichert sowohl die Information, dass Sie f\u00fcr einen Inhalt +1 gegeben haben, als auch Informationen \u00fcber die Seite, die Sie beim Klicken auf +1 angesehen haben. Ihre +1 k\u00f6nnen als Hinweise zusammen mit Ihrem Profilnamen und Ihrem Foto in Google-Diensten, wie etwa in Suchergebnissen oder in Ihrem Google-Profil, oder an anderen Stellen auf Websites und Anzeigen im Internet eingeblendet werden.<\/p>\n<p>Google zeichnet Informationen \u00fcber Ihre +1-Aktivit\u00e4ten auf, um die Google-Dienste f\u00fcr Sie und andere zu verbessern. Um die Google+-Schaltfl\u00e4che verwenden zu k\u00f6nnen, ben\u00f6tigen Sie ein weltweit sichtbares, \u00f6ffentliches Google-Profil, das zumindest den f\u00fcr das Profil gew\u00e4hlten Namen enthalten muss. Dieser Name wird in allen Google-Diensten verwendet. In manchen F\u00e4llen kann dieser Name auch einen anderen Namen ersetzen, den Sie beim Teilen von Inhalten \u00fcber Ihr Google-Konto verwendet haben. Die Identit\u00e4t Ihres Google-Profils kann Nutzern angezeigt werden, die Ihre E-Mail-Adresse kennen oder \u00fcber andere identifizierende Informationen von Ihnen verf\u00fcgen.<\/p>\n<p>Verwendung der erfassten Informationen: Neben den oben erl\u00e4uterten Verwendungszwecken werden die von Ihnen bereitgestellten Informationen gem\u00e4\u00df den geltenden Google-Datenschutzbestimmungen genutzt. Google ver\u00f6ffentlicht m\u00f6glicherweise zusammengefasste Statistiken \u00fcber die +1-Aktivit\u00e4ten der Nutzer bzw. gibt diese an Nutzer und Partner weiter, wie etwa Publisher, Inserenten oder verbundene Websites<\/p>\n<p><strong>Social Plugins von Twitter <\/strong><\/p>\n<p>Wir verwenden Social Plugins des Dienstes Twitter. Diese Funktionen werden angeboten durch die Twitter Inc., 1355 Market Street, Suite 900, San Francisco, CA 94103, USA. Durch das Benutzen von Twitter und der Funktion \u00e2\u20ac\u0153Re-Tweet\u00e2\u20ac\u009d werden die von Ihnen besuchten Internetseiten mit Ihrem Twitter-Account verkn\u00fcpft und anderen Nutzern bekannt gegeben. Dabei werden auch Daten an Twitter \u00fcbertragen. Wir weisen darauf hin, dass wir als Anbieter der Seiten keine Kenntnis vom Inhalt der \u00fcbermittelten Daten sowie deren Nutzung durch Twitter erhalten.<\/p>\n<p>Weitere Informationen hierzu finden Sie in der Datenschutzerkl\u00e4rung von Twitter unter <a href=\"http:\/\/twitter.com\/privacy\">http:\/\/twitter.com\/privacy<\/a>.<\/p>\n<p>Ihre Datenschutzeinstellungen bei Twitter k\u00f6nnen Sie in den Konto-Einstellungen unter http:\/\/twitter.com\/account\/settings \u00e4ndern.<\/p>\n<p><strong>Google Adsense <\/strong><\/p>\n<p>Diese Website benutzt Google AdSense, einen Dienst zum Einbinden von Werbeanzeigen der Google Inc. (\u00e2\u20ac\u017eGoogle\u00e2\u20ac\u0153). Google AdSense verwendet sog. \u00e2\u20ac\u017eCookies\u00e2\u20ac\u0153, Textdateien, die auf Ihrem Computer gespeichert werden und die eine Analyse der Benutzung der Website erm\u00f6glicht. Google AdSense verwendet auch so genannte Web Beacons (unsichtbare Grafiken). Durch diese Web Beacons k\u00f6nnen Informationen wie der Besucherverkehr auf diesen Seiten ausgewertet werden.<\/p>\n<p>Die durch Cookies und Web Beacons erzeugten Informationen \u00fcber die Benutzung dieser Website (einschlie\u00dflich Ihrer IP-Adresse) und Auslieferung von Werbeformaten werden an einen Server von Google in den USA \u00fcbertragen und dort gespeichert. Diese Informationen k\u00f6nnen von Google an Vertragspartner von Google weiter gegeben werden. Google wird Ihre IP-Adresse jedoch nicht mit anderen von Ihnen gespeicherten Daten zusammenf\u00fchren.<\/p>\n<p>Sie k\u00f6nnen die Installation der Cookies durch eine entsprechende Einstellung Ihrer Browser Software verhindern; wir weisen Sie jedoch darauf hin, dass Sie in diesem Fall gegebenenfalls nicht s\u00e4mtliche Funktionen dieser Website voll umf\u00e4nglich nutzen k\u00f6nnen. Durch die Nutzung dieser Website erkl\u00e4ren Sie sich mit der Bearbeitung der \u00fcber Sie erhobenen Daten durch Google in der zuvor beschriebenen Art und Weise und zu dem zuvor benannten Zweck einverstanden.<\/p>\n<p><strong>Server-Log-Files <\/strong><\/p>\n<p>Der Provider der Seiten erhebt und speichert automatisch Informationen in so genannten Server-Log Files, die Ihr Browser automatisch an uns \u00fcbermittelt. Dies sind:<\/p>\n<p>Browsertyp und Browserversion<\/p>\n<p>verwendetes Betriebssystem<\/p>\n<p>Referrer URL<\/p>\n<p>Hostname des zugreifenden Rechners<\/p>\n<p>Uhrzeit der Serveranfrage<\/p>\n<p>IP Adresse<\/p>\n<p>Diese Daten sind nicht bestimmten Personen zuordenbar. Eine Zusammenf\u00fchrung dieser Daten mit anderen Datenquellen wird nicht vorgenommen. Wir behalten uns vor, diese Daten nachtr\u00e4glich zu pr\u00fcfen, wenn uns konkrete Anhaltspunkte f\u00fcr eine rechtswidrige Nutzung bekannt werden.<\/p>\n<p><strong>SSL-Verschl\u00fcsselung <\/strong><\/p>\n<p>Diese Seite nutzt aus Gr\u00fcnden der Sicherheit und zum Schutz der \u00c3\u0153bertragung vertraulicher Inhalte, wie zum Beispiel der Anfragen, die Sie an uns als Seitenbetreiber senden, eine SSL-Verschl\u00fcsselung. Eine verschl\u00fcsselte Verbindung erkennen Sie daran, dass die Adresszeile des Browsers von \u201ehttp:\/\/\u201c auf \u201ehttps:\/\/\u201c wechselt und an dem Schloss-Symbol in Ihrer Browserzeile.<\/p>\n<p>Wenn die SSL Verschl\u00fcsselung aktiviert ist, k\u00f6nnen die Daten, die Sie an uns \u00fcbermitteln, nicht von Dritten mitgelesen werden.<\/p>\n<p>F\u00fcr unsere weiterf\u00fchrende <a href=\"https:\/\/www.akademiaslovenciny.sk\/wp\/de\/informationsauskunft\">Informationsauskunft<\/a>, welche Daten von uns allgemein verarbeitet werden, gehen sie bitte auf die Informationsauskunft gem\u00e4\u00df Art 13 und 14 DSGVO.<\/p>\n<p>&nbsp;<\/p>\n<p style=\"text-align: center;\">Recommend this page (you have to allow popup-window)<\/p>\n","protected":false},"excerpt":{"rendered":"<p>Datenschutzerkl\u00e4rung der Webseite akademiaslovenciny.sk Verantwortlicher: Management and Language Training s.r.o. Pansk\u00c3\u00a1 17, 811 01 Bratislava Slowakei Tel: +421 238 101 416 E: &#105;&#x6e;f&#x6f;&#x40;&#100;&#x65;u&#116;&#x73;&#99;&#x68;a&#107;&#x61;d&#x65;m&#105;&#x65;&#46;&#x73;&#x6b; Allgemeines Der Schutz und die Sicherheit Ihrer pers\u00f6nlichen Daten sind uns ein wichtiges Anliegen. Diese Webseite speichert und verarbeitet Daten daher ausschlie\u00dflich im Sinne der \u00f6sterreichischen Gesetze und der europ\u00e4ischen Datenschutzgrundverordnung (DSGVO). [&hellip;]<\/p>\n","protected":false},"author":1,"featured_media":0,"parent":0,"menu_order":999,"comment_status":"closed","ping_status":"closed","template":"","meta":{"footnotes":""},"yoast_head":"<!-- This site is optimized with the Yoast SEO plugin v22.4 - https:\/\/yoast.com\/wordpress\/plugins\/seo\/ -->\n<title>Datenschutzerkl\u00e4rung - AkademiaSlovenciny<\/title>\n<meta name=\"robots\" content=\"index, follow, max-snippet:-1, max-image-preview:large, max-video-preview:-1\" \/>\n<link rel=\"canonical\" href=\"https:\/\/www.akademiaslovenciny.sk\/de\/datenschutzerklarung\" \/>\n<meta property=\"og:locale\" content=\"de_DE\" \/>\n<meta property=\"og:type\" content=\"article\" \/>\n<meta property=\"og:title\" content=\"Datenschutzerkl\u00e4rung - AkademiaSlovenciny\" \/>\n<meta property=\"og:description\" content=\"Datenschutzerkl\u00e4rung der Webseite akademiaslovenciny.sk Verantwortlicher: Management and Language Training s.r.o. Pansk\u00c3\u00a1 17, 811 01 Bratislava Slowakei Tel: +421 238 101 416 E: &#x69;&#110;f&#x6f;&#x40;&#100;e&#x75;&#x74;&#115;c&#x68;&#097;k&#x61;&#x64;&#101;m&#x69;&#x65;&#046;s&#x6b; Allgemeines Der Schutz und die Sicherheit Ihrer pers\u00f6nlichen Daten sind uns ein wichtiges Anliegen. Diese Webseite speichert und verarbeitet Daten daher ausschlie\u00dflich im Sinne der \u00f6sterreichischen Gesetze und der europ\u00e4ischen Datenschutzgrundverordnung (DSGVO). [&hellip;]\" \/>\n<meta property=\"og:url\" content=\"https:\/\/www.akademiaslovenciny.sk\/de\/datenschutzerklarung\" \/>\n<meta property=\"og:site_name\" content=\"AkademiaSlovenciny\" \/>\n<meta property=\"article:modified_time\" content=\"2019-02-18T12:48:03+00:00\" \/>\n<meta name=\"twitter:card\" content=\"summary_large_image\" \/>\n<meta name=\"twitter:label1\" content=\"Gesch\u00e4tzte Lesezeit\" \/>\n\t<meta name=\"twitter:data1\" content=\"11\u00a0Minuten\" \/>\n<script type=\"application\/ld+json\" class=\"yoast-schema-graph\">{\"@context\":\"https:\/\/schema.org\",\"@graph\":[{\"@type\":\"WebPage\",\"@id\":\"https:\/\/www.akademiaslovenciny.sk\/de\/datenschutzerklarung\",\"url\":\"https:\/\/www.akademiaslovenciny.sk\/de\/datenschutzerklarung\",\"name\":\"Datenschutzerkl\u00e4rung - AkademiaSlovenciny\",\"isPartOf\":{\"@id\":\"https:\/\/www.akademiaslovenciny.sk\/de\/#website\"},\"datePublished\":\"2018-12-14T14:14:04+00:00\",\"dateModified\":\"2019-02-18T12:48:03+00:00\",\"breadcrumb\":{\"@id\":\"https:\/\/www.akademiaslovenciny.sk\/de\/datenschutzerklarung#breadcrumb\"},\"inLanguage\":\"de\",\"potentialAction\":[{\"@type\":\"ReadAction\",\"target\":[\"https:\/\/www.akademiaslovenciny.sk\/de\/datenschutzerklarung\"]}]},{\"@type\":\"BreadcrumbList\",\"@id\":\"https:\/\/www.akademiaslovenciny.sk\/de\/datenschutzerklarung#breadcrumb\",\"itemListElement\":[{\"@type\":\"ListItem\",\"position\":1,\"name\":\"Startseite\",\"item\":\"https:\/\/www.akademiaslovenciny.sk\/de\"},{\"@type\":\"ListItem\",\"position\":2,\"name\":\"Datenschutzerkl\u00e4rung\"}]},{\"@type\":\"WebSite\",\"@id\":\"https:\/\/www.akademiaslovenciny.sk\/de\/#website\",\"url\":\"https:\/\/www.akademiaslovenciny.sk\/de\/\",\"name\":\"AkademiaSlovenciny\",\"description\":\"Kurz sloven\u010diny v Bratislave\",\"potentialAction\":[{\"@type\":\"SearchAction\",\"target\":{\"@type\":\"EntryPoint\",\"urlTemplate\":\"https:\/\/www.akademiaslovenciny.sk\/de\/?s={search_term_string}\"},\"query-input\":\"required name=search_term_string\"}],\"inLanguage\":\"de\"}]}<\/script>\n<!-- \/ Yoast SEO plugin. -->","yoast_head_json":{"title":"Datenschutzerkl\u00e4rung - AkademiaSlovenciny","robots":{"index":"index","follow":"follow","max-snippet":"max-snippet:-1","max-image-preview":"max-image-preview:large","max-video-preview":"max-video-preview:-1"},"canonical":"https:\/\/www.akademiaslovenciny.sk\/de\/datenschutzerklarung","og_locale":"de_DE","og_type":"article","og_title":"Datenschutzerkl\u00e4rung - AkademiaSlovenciny","og_description":"Datenschutzerkl\u00e4rung der Webseite akademiaslovenciny.sk Verantwortlicher: Management and Language Training s.r.o. Pansk\u00c3\u00a1 17, 811 01 Bratislava Slowakei Tel: +421 238 101 416 E: &#x69;&#110;f&#x6f;&#x40;&#100;e&#x75;&#x74;&#115;c&#x68;&#97;k&#x61;&#x64;&#101;m&#x69;&#x65;&#46;s&#x6b; Allgemeines Der Schutz und die Sicherheit Ihrer pers\u00f6nlichen Daten sind uns ein wichtiges Anliegen. Diese Webseite speichert und verarbeitet Daten daher ausschlie\u00dflich im Sinne der \u00f6sterreichischen Gesetze und der europ\u00e4ischen Datenschutzgrundverordnung (DSGVO). [&hellip;]","og_url":"https:\/\/www.akademiaslovenciny.sk\/de\/datenschutzerklarung","og_site_name":"AkademiaSlovenciny","article_modified_time":"2019-02-18T12:48:03+00:00","twitter_card":"summary_large_image","twitter_misc":{"Gesch\u00e4tzte Lesezeit":"11\u00a0Minuten"},"schema":{"@context":"https:\/\/schema.org","@graph":[{"@type":"WebPage","@id":"https:\/\/www.akademiaslovenciny.sk\/de\/datenschutzerklarung","url":"https:\/\/www.akademiaslovenciny.sk\/de\/datenschutzerklarung","name":"Datenschutzerkl\u00e4rung - AkademiaSlovenciny","isPartOf":{"@id":"https:\/\/www.akademiaslovenciny.sk\/de\/#website"},"datePublished":"2018-12-14T14:14:04+00:00","dateModified":"2019-02-18T12:48:03+00:00","breadcrumb":{"@id":"https:\/\/www.akademiaslovenciny.sk\/de\/datenschutzerklarung#breadcrumb"},"inLanguage":"de","potentialAction":[{"@type":"ReadAction","target":["https:\/\/www.akademiaslovenciny.sk\/de\/datenschutzerklarung"]}]},{"@type":"BreadcrumbList","@id":"https:\/\/www.akademiaslovenciny.sk\/de\/datenschutzerklarung#breadcrumb","itemListElement":[{"@type":"ListItem","position":1,"name":"Startseite","item":"https:\/\/www.akademiaslovenciny.sk\/de"},{"@type":"ListItem","position":2,"name":"Datenschutzerkl\u00e4rung"}]},{"@type":"WebSite","@id":"https:\/\/www.akademiaslovenciny.sk\/de\/#website","url":"https:\/\/www.akademiaslovenciny.sk\/de\/","name":"AkademiaSlovenciny","description":"Kurz sloven\u010diny v Bratislave","potentialAction":[{"@type":"SearchAction","target":{"@type":"EntryPoint","urlTemplate":"https:\/\/www.akademiaslovenciny.sk\/de\/?s={search_term_string}"},"query-input":"required name=search_term_string"}],"inLanguage":"de"}]}},"_links":{"self":[{"href":"https:\/\/www.akademiaslovenciny.sk\/de\/wp-json\/wp\/v2\/pages\/187"}],"collection":[{"href":"https:\/\/www.akademiaslovenciny.sk\/de\/wp-json\/wp\/v2\/pages"}],"about":[{"href":"https:\/\/www.akademiaslovenciny.sk\/de\/wp-json\/wp\/v2\/types\/page"}],"author":[{"embeddable":true,"href":"https:\/\/www.akademiaslovenciny.sk\/de\/wp-json\/wp\/v2\/users\/1"}],"replies":[{"embeddable":true,"href":"https:\/\/www.akademiaslovenciny.sk\/de\/wp-json\/wp\/v2\/comments?post=187"}],"version-history":[{"count":3,"href":"https:\/\/www.akademiaslovenciny.sk\/de\/wp-json\/wp\/v2\/pages\/187\/revisions"}],"predecessor-version":[{"id":306,"href":"https:\/\/www.akademiaslovenciny.sk\/de\/wp-json\/wp\/v2\/pages\/187\/revisions\/306"}],"wp:attachment":[{"href":"https:\/\/www.akademiaslovenciny.sk\/de\/wp-json\/wp\/v2\/media?parent=187"}],"curies":[{"name":"wp","href":"https:\/\/api.w.org\/{rel}","templated":true}]}}