{"id":181,"date":"2018-12-14T14:06:45","date_gmt":"2018-12-14T14:06:45","guid":{"rendered":"https:\/\/www.akademiaslovenciny.sk\/wp?page_id=181"},"modified":"2022-11-28T19:56:58","modified_gmt":"2022-11-28T19:56:58","slug":"offnungszeiten-akademiaslovenciny","status":"publish","type":"page","link":"https:\/\/www.akademiaslovenciny.sk\/de\/offnungszeiten-akademiaslovenciny","title":{"rendered":"\u00d6ffnungszeiten"},"content":{"rendered":"<h1 style=\"text-align: center;\" align=\"center\">\u00d6ffnungszeiten B\u00fcro<\/h1>\n<p>&nbsp;<\/p>\n<p><img decoding=\"async\" class=\"alignright wp-image-634\" src=\"https:\/\/www.akademiaslovenciny.sk\/wp-content\/uploads\/2020\/10\/Buero.jpg\" alt=\"\" width=\"210\" height=\"140\" \/><\/p>\n<ul>\n<li style=\"text-align: left;\"><strong>Montag:<\/strong> 9:00 &#8211; 13:00 und 13:30 &#8211; 17:00 Uhr (MESZ)<\/li>\n<li style=\"text-align: left;\"><strong>Dienstag:<\/strong> 9:00 &#8211; 13:00 und 13:30 &#8211; 17:00 Uhr (MESZ)<\/li>\n<li><strong>Mittwoch:<\/strong> 9:00 &#8211; 13:00 und 13:30 &#8211; 17:00 Uhr (MESZ)<\/li>\n<li><strong>Donnerstag:<\/strong> 9:00 &#8211; 13:00 und 13:30 &#8211; 17:00 Uhr (MESZ)<\/li>\n<li style=\"text-align: left;\"><strong>Freitag: <\/strong>9:00 &#8211; 13:00 und 13:30 &#8211; 15:00 Uhr (MESZ)<\/li>\n<li><strong>Samstag &amp; Sonntag:<\/strong> Geschlossen<\/li>\n<\/ul>\n<p style=\"text-align: justify;\">Wenn Sie uns au\u00dferhalb der \u00d6ffnungszeiten besuchen m\u00f6chten, kontaktieren Sie uns einfach telefonisch oder per E-Mail, um einen Termin zu vereinbaren!<\/p>\n<h2 style=\"text-align: left;\" align=\"center\">Wie kann ich den Slowakischkurs buchen?<\/h2>\n<p style=\"text-align: left;\"><a href=\"https:\/\/www.akademiaslovenciny.sk\/de\/anmeldung-slowakischkurs\">Anmeldung zum Slowakischkurs<\/a><\/p>\n<p style=\"text-align: left;\">Akad\u00e9miaSloven\u010diny<br \/>\nSprachschule f\u00fcr Slowakischkurse in Bratislava<br \/>\nPansk\u00e1 17<br \/>\n811 01 Bratislava &#8211; Star\u00e9 Mesto<br \/>\nSlowakei<\/p>\n<p style=\"text-align: left;\">Tel: +421 2 38 10 14 16<\/p>\n<p style=\"text-align: left;\">E-Mail:\u00a0<a href=\"&#x6d;&#x61;&#105;l&#x74;&#x6f;&#58;&#105;n&#x66;&#x6f;&#64;&#97;k&#x61;&#x64;&#101;mi&#x61;&#x73;&#108;o&#x76;&#x65;&#110;&#99;i&#x6e;&#x79;&#46;&#115;k\">&#105;&#x6e;f&#111;&#x40;a&#x6b;&#x61;&#100;&#x65;m&#105;&#x61;s&#108;&#x6f;&#118;&#x65;n&#99;&#x69;n&#121;&#x2e;&#115;&#x6b;<\/a><\/p>\n","protected":false},"excerpt":{"rendered":"<p>\u00d6ffnungszeiten B\u00fcro &nbsp; Montag: 9:00 &#8211; 13:00 und 13:30 &#8211; 17:00 Uhr (MESZ) Dienstag: 9:00 &#8211; 13:00 und 13:30 &#8211; 17:00 Uhr (MESZ) Mittwoch: 9:00 &#8211; 13:00 und 13:30 &#8211; 17:00 Uhr (MESZ) Donnerstag: 9:00 &#8211; 13:00 und 13:30 &#8211; 17:00 Uhr (MESZ) Freitag: 9:00 &#8211; 13:00 und 13:30 &#8211; 15:00 Uhr (MESZ) Samstag &amp; [&hellip;]<\/p>\n","protected":false},"author":1,"featured_media":0,"parent":0,"menu_order":400,"comment_status":"closed","ping_status":"closed","template":"","meta":{"footnotes":""},"yoast_head":"<!-- This site is optimized with the Yoast SEO plugin v22.4 - https:\/\/yoast.com\/wordpress\/plugins\/seo\/ -->\n<title>\u00d6ffnungszeiten - AkademiaSlovenciny<\/title>\n<meta name=\"robots\" content=\"index, follow, max-snippet:-1, max-image-preview:large, max-video-preview:-1\" \/>\n<link rel=\"canonical\" href=\"https:\/\/www.akademiaslovenciny.sk\/de\/offnungszeiten-akademiaslovenciny\" \/>\n<meta property=\"og:locale\" content=\"de_DE\" \/>\n<meta property=\"og:type\" content=\"article\" \/>\n<meta property=\"og:title\" content=\"\u00d6ffnungszeiten - AkademiaSlovenciny\" \/>\n<meta property=\"og:description\" content=\"\u00d6ffnungszeiten B\u00fcro &nbsp; Montag: 9:00 &#8211; 13:00 und 13:30 &#8211; 17:00 Uhr (MESZ) Dienstag: 9:00 &#8211; 13:00 und 13:30 &#8211; 17:00 Uhr (MESZ) Mittwoch: 9:00 &#8211; 13:00 und 13:30 &#8211; 17:00 Uhr (MESZ) Donnerstag: 9:00 &#8211; 13:00 und 13:30 &#8211; 17:00 Uhr (MESZ) Freitag: 9:00 &#8211; 13:00 und 13:30 &#8211; 15:00 Uhr (MESZ) Samstag &amp; [&hellip;]\" \/>\n<meta property=\"og:url\" content=\"https:\/\/www.akademiaslovenciny.sk\/de\/offnungszeiten-akademiaslovenciny\" \/>\n<meta property=\"og:site_name\" content=\"AkademiaSlovenciny\" \/>\n<meta property=\"article:modified_time\" content=\"2022-11-28T19:56:58+00:00\" \/>\n<meta property=\"og:image\" content=\"https:\/\/www.akademiaslovenciny.sk\/wp-content\/uploads\/2020\/10\/Buero.jpg\" \/>\n<meta name=\"twitter:card\" content=\"summary_large_image\" \/>\n<meta name=\"twitter:label1\" content=\"Gesch\u00e4tzte Lesezeit\" \/>\n\t<meta name=\"twitter:data1\" content=\"1\u00a0Minute\" \/>\n<script type=\"application\/ld+json\" class=\"yoast-schema-graph\">{\"@context\":\"https:\/\/schema.org\",\"@graph\":[{\"@type\":\"WebPage\",\"@id\":\"https:\/\/www.akademiaslovenciny.sk\/de\/offnungszeiten-akademiaslovenciny\",\"url\":\"https:\/\/www.akademiaslovenciny.sk\/de\/offnungszeiten-akademiaslovenciny\",\"name\":\"\u00d6ffnungszeiten - AkademiaSlovenciny\",\"isPartOf\":{\"@id\":\"https:\/\/www.akademiaslovenciny.sk\/de\/#website\"},\"primaryImageOfPage\":{\"@id\":\"https:\/\/www.akademiaslovenciny.sk\/de\/offnungszeiten-akademiaslovenciny#primaryimage\"},\"image\":{\"@id\":\"https:\/\/www.akademiaslovenciny.sk\/de\/offnungszeiten-akademiaslovenciny#primaryimage\"},\"thumbnailUrl\":\"https:\/\/www.akademiaslovenciny.sk\/wp-content\/uploads\/2020\/10\/Buero.jpg\",\"datePublished\":\"2018-12-14T14:06:45+00:00\",\"dateModified\":\"2022-11-28T19:56:58+00:00\",\"breadcrumb\":{\"@id\":\"https:\/\/www.akademiaslovenciny.sk\/de\/offnungszeiten-akademiaslovenciny#breadcrumb\"},\"inLanguage\":\"de\",\"potentialAction\":[{\"@type\":\"ReadAction\",\"target\":[\"https:\/\/www.akademiaslovenciny.sk\/de\/offnungszeiten-akademiaslovenciny\"]}]},{\"@type\":\"ImageObject\",\"inLanguage\":\"de\",\"@id\":\"https:\/\/www.akademiaslovenciny.sk\/de\/offnungszeiten-akademiaslovenciny#primaryimage\",\"url\":\"https:\/\/www.akademiaslovenciny.sk\/wp-content\/uploads\/2020\/10\/Buero.jpg\",\"contentUrl\":\"https:\/\/www.akademiaslovenciny.sk\/wp-content\/uploads\/2020\/10\/Buero.jpg\"},{\"@type\":\"BreadcrumbList\",\"@id\":\"https:\/\/www.akademiaslovenciny.sk\/de\/offnungszeiten-akademiaslovenciny#breadcrumb\",\"itemListElement\":[{\"@type\":\"ListItem\",\"position\":1,\"name\":\"Startseite\",\"item\":\"https:\/\/www.akademiaslovenciny.sk\/de\"},{\"@type\":\"ListItem\",\"position\":2,\"name\":\"\u00d6ffnungszeiten\"}]},{\"@type\":\"WebSite\",\"@id\":\"https:\/\/www.akademiaslovenciny.sk\/de\/#website\",\"url\":\"https:\/\/www.akademiaslovenciny.sk\/de\/\",\"name\":\"AkademiaSlovenciny\",\"description\":\"Kurz sloven\u010diny v Bratislave\",\"potentialAction\":[{\"@type\":\"SearchAction\",\"target\":{\"@type\":\"EntryPoint\",\"urlTemplate\":\"https:\/\/www.akademiaslovenciny.sk\/de\/?s={search_term_string}\"},\"query-input\":\"required name=search_term_string\"}],\"inLanguage\":\"de\"}]}<\/script>\n<!-- \/ Yoast SEO plugin. -->","yoast_head_json":{"title":"\u00d6ffnungszeiten - AkademiaSlovenciny","robots":{"index":"index","follow":"follow","max-snippet":"max-snippet:-1","max-image-preview":"max-image-preview:large","max-video-preview":"max-video-preview:-1"},"canonical":"https:\/\/www.akademiaslovenciny.sk\/de\/offnungszeiten-akademiaslovenciny","og_locale":"de_DE","og_type":"article","og_title":"\u00d6ffnungszeiten - AkademiaSlovenciny","og_description":"\u00d6ffnungszeiten B\u00fcro &nbsp; Montag: 9:00 &#8211; 13:00 und 13:30 &#8211; 17:00 Uhr (MESZ) Dienstag: 9:00 &#8211; 13:00 und 13:30 &#8211; 17:00 Uhr (MESZ) Mittwoch: 9:00 &#8211; 13:00 und 13:30 &#8211; 17:00 Uhr (MESZ) Donnerstag: 9:00 &#8211; 13:00 und 13:30 &#8211; 17:00 Uhr (MESZ) Freitag: 9:00 &#8211; 13:00 und 13:30 &#8211; 15:00 Uhr (MESZ) Samstag &amp; [&hellip;]","og_url":"https:\/\/www.akademiaslovenciny.sk\/de\/offnungszeiten-akademiaslovenciny","og_site_name":"AkademiaSlovenciny","article_modified_time":"2022-11-28T19:56:58+00:00","og_image":[{"url":"https:\/\/www.akademiaslovenciny.sk\/wp-content\/uploads\/2020\/10\/Buero.jpg"}],"twitter_card":"summary_large_image","twitter_misc":{"Gesch\u00e4tzte Lesezeit":"1\u00a0Minute"},"schema":{"@context":"https:\/\/schema.org","@graph":[{"@type":"WebPage","@id":"https:\/\/www.akademiaslovenciny.sk\/de\/offnungszeiten-akademiaslovenciny","url":"https:\/\/www.akademiaslovenciny.sk\/de\/offnungszeiten-akademiaslovenciny","name":"\u00d6ffnungszeiten - AkademiaSlovenciny","isPartOf":{"@id":"https:\/\/www.akademiaslovenciny.sk\/de\/#website"},"primaryImageOfPage":{"@id":"https:\/\/www.akademiaslovenciny.sk\/de\/offnungszeiten-akademiaslovenciny#primaryimage"},"image":{"@id":"https:\/\/www.akademiaslovenciny.sk\/de\/offnungszeiten-akademiaslovenciny#primaryimage"},"thumbnailUrl":"https:\/\/www.akademiaslovenciny.sk\/wp-content\/uploads\/2020\/10\/Buero.jpg","datePublished":"2018-12-14T14:06:45+00:00","dateModified":"2022-11-28T19:56:58+00:00","breadcrumb":{"@id":"https:\/\/www.akademiaslovenciny.sk\/de\/offnungszeiten-akademiaslovenciny#breadcrumb"},"inLanguage":"de","potentialAction":[{"@type":"ReadAction","target":["https:\/\/www.akademiaslovenciny.sk\/de\/offnungszeiten-akademiaslovenciny"]}]},{"@type":"ImageObject","inLanguage":"de","@id":"https:\/\/www.akademiaslovenciny.sk\/de\/offnungszeiten-akademiaslovenciny#primaryimage","url":"https:\/\/www.akademiaslovenciny.sk\/wp-content\/uploads\/2020\/10\/Buero.jpg","contentUrl":"https:\/\/www.akademiaslovenciny.sk\/wp-content\/uploads\/2020\/10\/Buero.jpg"},{"@type":"BreadcrumbList","@id":"https:\/\/www.akademiaslovenciny.sk\/de\/offnungszeiten-akademiaslovenciny#breadcrumb","itemListElement":[{"@type":"ListItem","position":1,"name":"Startseite","item":"https:\/\/www.akademiaslovenciny.sk\/de"},{"@type":"ListItem","position":2,"name":"\u00d6ffnungszeiten"}]},{"@type":"WebSite","@id":"https:\/\/www.akademiaslovenciny.sk\/de\/#website","url":"https:\/\/www.akademiaslovenciny.sk\/de\/","name":"AkademiaSlovenciny","description":"Kurz sloven\u010diny v Bratislave","potentialAction":[{"@type":"SearchAction","target":{"@type":"EntryPoint","urlTemplate":"https:\/\/www.akademiaslovenciny.sk\/de\/?s={search_term_string}"},"query-input":"required name=search_term_string"}],"inLanguage":"de"}]}},"_links":{"self":[{"href":"https:\/\/www.akademiaslovenciny.sk\/de\/wp-json\/wp\/v2\/pages\/181"}],"collection":[{"href":"https:\/\/www.akademiaslovenciny.sk\/de\/wp-json\/wp\/v2\/pages"}],"about":[{"href":"https:\/\/www.akademiaslovenciny.sk\/de\/wp-json\/wp\/v2\/types\/page"}],"author":[{"embeddable":true,"href":"https:\/\/www.akademiaslovenciny.sk\/de\/wp-json\/wp\/v2\/users\/1"}],"replies":[{"embeddable":true,"href":"https:\/\/www.akademiaslovenciny.sk\/de\/wp-json\/wp\/v2\/comments?post=181"}],"version-history":[{"count":11,"href":"https:\/\/www.akademiaslovenciny.sk\/de\/wp-json\/wp\/v2\/pages\/181\/revisions"}],"predecessor-version":[{"id":933,"href":"https:\/\/www.akademiaslovenciny.sk\/de\/wp-json\/wp\/v2\/pages\/181\/revisions\/933"}],"wp:attachment":[{"href":"https:\/\/www.akademiaslovenciny.sk\/de\/wp-json\/wp\/v2\/media?parent=181"}],"curies":[{"name":"wp","href":"https:\/\/api.w.org\/{rel}","templated":true}]}}