{"id":177,"date":"2018-12-14T14:01:16","date_gmt":"2018-12-14T14:01:16","guid":{"rendered":"https:\/\/www.akademiaslovenciny.sk\/wp?page_id=177"},"modified":"2020-10-19T10:24:30","modified_gmt":"2020-10-19T10:24:30","slug":"sprachschule-bratislava-lage","status":"publish","type":"page","link":"https:\/\/www.akademiaslovenciny.sk\/de\/sprachschule-bratislava-lage","title":{"rendered":"Lage"},"content":{"rendered":"<h1 style=\"text-align: center;\">Lage Sprachschule Bratislava<\/h1>\n<p><img decoding=\"async\" class=\"alignnone size-full wp-image-494\" src=\"https:\/\/www.akademiaslovenciny.sk\/wp\/wp-content\/uploads\/2020\/02\/Sprachschule-Weg1.jpg\" alt=\"\" width=\"1000\" height=\"871\" srcset=\"https:\/\/www.akademiaslovenciny.sk\/wp-content\/uploads\/2020\/02\/Sprachschule-Weg1.jpg 1000w, https:\/\/www.akademiaslovenciny.sk\/wp-content\/uploads\/2020\/02\/Sprachschule-Weg1-620x540.jpg 620w, https:\/\/www.akademiaslovenciny.sk\/wp-content\/uploads\/2020\/02\/Sprachschule-Weg1-960x836.jpg 960w, https:\/\/www.akademiaslovenciny.sk\/wp-content\/uploads\/2020\/02\/Sprachschule-Weg1-768x669.jpg 768w\" sizes=\"(max-width: 1000px) 100vw, 1000px\" \/><\/p>\n<p><img decoding=\"async\" class=\"alignnone size-large wp-image-497\" src=\"https:\/\/www.akademiaslovenciny.sk\/wp\/wp-content\/uploads\/2020\/02\/Sprachschule-Weg2.jpg\" alt=\"\" width=\"1000\" height=\"754\" srcset=\"https:\/\/www.akademiaslovenciny.sk\/wp-content\/uploads\/2020\/02\/Sprachschule-Weg2.jpg 1000w, https:\/\/www.akademiaslovenciny.sk\/wp-content\/uploads\/2020\/02\/Sprachschule-Weg2-620x467.jpg 620w, https:\/\/www.akademiaslovenciny.sk\/wp-content\/uploads\/2020\/02\/Sprachschule-Weg2-960x724.jpg 960w, https:\/\/www.akademiaslovenciny.sk\/wp-content\/uploads\/2020\/02\/Sprachschule-Weg2-768x579.jpg 768w\" sizes=\"(max-width: 1000px) 100vw, 1000px\" \/><\/p>\n<p>&nbsp;<\/p>\n<p align=\"left\">\u00d6ffnungszeiten <a href=\"https:\/\/www.akademiaslovenciny.sk\/de\/offnungszeiten-akademiaslovenciny\">hier<\/a><br \/>\nAkademia Slovenciny<br \/>\nSprachschule f\u00fcr Slowakischkurse in Bratislava<br \/>\nPansk\u00e1 17<br \/>\n811 01 Bratislava &#8211; Star\u00e9 Mesto<\/p>\n<p align=\"left\"><img decoding=\"async\" src=\"https:\/\/www.akademiaslovenciny.sk\/allebilder\/grafiken\/phone.gif\" alt=\"\" width=\"18\" height=\"18\" \/> +421 2 38 10 14 16<\/p>\n<p align=\"left\"><img decoding=\"async\" src=\"https:\/\/www.akademiaslovenciny.sk\/allebilder\/grafiken\/MAIL.gif\" alt=\"\" width=\"18\" height=\"18\" \/> <a href=\"&#x6d;&#97;&#105;&#x6c;&#x74;&#111;&#58;&#x69;&#x6e;&#102;&#111;&#x40;&#x61;&#107;&#97;&#x64;&#x65;&#109;&#105;&#x61;&#x73;&#108;&#111;&#x76;&#x65;&#110;&#99;&#x69;&#x6e;&#121;&#46;&#x73;&#x6b;\">&#105;&#x6e;&#102;&#x6f;&#64;&#x61;k&#97;&#x64;&#101;&#x6d;&#105;&#x61;s&#x6c;o&#118;&#x65;&#110;&#x63;i&#x6e;y&#x2e;&#x73;&#107;<\/a><\/p>\n<p style=\"text-align: center;\" align=\"left\"><a>Recommend this page (you have to allow popup-window)<\/a><\/p>\n","protected":false},"excerpt":{"rendered":"<p>Lage Sprachschule Bratislava &nbsp; \u00d6ffnungszeiten hier Akademia Slovenciny Sprachschule f\u00fcr Slowakischkurse in Bratislava Pansk\u00e1 17 811 01 Bratislava &#8211; Star\u00e9 Mesto +421 2 38 10 14 16 &#x69;&#110;&#x66;&#x6f;&#64;&#x61;&#107;a&#x64;&#101;m&#x69;&#97;&#x73;&#x6c;o&#x76;&#101;n&#x63;&#105;n&#x79;&#46;&#x73;&#x6b; Recommend this page (you have to allow popup-window)<\/p>\n","protected":false},"author":1,"featured_media":0,"parent":0,"menu_order":300,"comment_status":"closed","ping_status":"closed","template":"","meta":{"footnotes":""},"yoast_head":"<!-- This site is optimized with the Yoast SEO plugin v22.4 - https:\/\/yoast.com\/wordpress\/plugins\/seo\/ -->\n<title>Lage - AkademiaSlovenciny<\/title>\n<meta name=\"robots\" content=\"index, follow, max-snippet:-1, max-image-preview:large, max-video-preview:-1\" \/>\n<link rel=\"canonical\" href=\"https:\/\/www.akademiaslovenciny.sk\/de\/sprachschule-bratislava-lage\" \/>\n<meta property=\"og:locale\" content=\"de_DE\" \/>\n<meta property=\"og:type\" content=\"article\" \/>\n<meta property=\"og:title\" content=\"Lage - AkademiaSlovenciny\" \/>\n<meta property=\"og:description\" content=\"Lage Sprachschule Bratislava &nbsp; \u00d6ffnungszeiten hier Akademia Slovenciny Sprachschule f\u00fcr Slowakischkurse in Bratislava Pansk\u00e1 17 811 01 Bratislava &#8211; Star\u00e9 Mesto +421 2 38 10 14 16 &#x69;&#110;f&#x6f;&#064;a&#x6b;&#x61;&#100;&#x65;&#x6d;&#105;a&#x73;&#108;o&#x76;&#x65;&#110;&#x63;&#x69;&#110;y&#x2e;&#115;k Recommend this page (you have to allow popup-window)\" \/>\n<meta property=\"og:url\" content=\"https:\/\/www.akademiaslovenciny.sk\/de\/sprachschule-bratislava-lage\" \/>\n<meta property=\"og:site_name\" content=\"AkademiaSlovenciny\" \/>\n<meta property=\"article:modified_time\" content=\"2020-10-19T10:24:30+00:00\" \/>\n<meta property=\"og:image\" content=\"https:\/\/www.akademiaslovenciny.sk\/wp\/wp-content\/uploads\/2020\/02\/Sprachschule-Weg1.jpg\" \/>\n<meta name=\"twitter:card\" content=\"summary_large_image\" \/>\n<script type=\"application\/ld+json\" class=\"yoast-schema-graph\">{\"@context\":\"https:\/\/schema.org\",\"@graph\":[{\"@type\":\"WebPage\",\"@id\":\"https:\/\/www.akademiaslovenciny.sk\/de\/sprachschule-bratislava-lage\",\"url\":\"https:\/\/www.akademiaslovenciny.sk\/de\/sprachschule-bratislava-lage\",\"name\":\"Lage - AkademiaSlovenciny\",\"isPartOf\":{\"@id\":\"https:\/\/www.akademiaslovenciny.sk\/de\/#website\"},\"primaryImageOfPage\":{\"@id\":\"https:\/\/www.akademiaslovenciny.sk\/de\/sprachschule-bratislava-lage#primaryimage\"},\"image\":{\"@id\":\"https:\/\/www.akademiaslovenciny.sk\/de\/sprachschule-bratislava-lage#primaryimage\"},\"thumbnailUrl\":\"https:\/\/www.akademiaslovenciny.sk\/wp\/wp-content\/uploads\/2020\/02\/Sprachschule-Weg1.jpg\",\"datePublished\":\"2018-12-14T14:01:16+00:00\",\"dateModified\":\"2020-10-19T10:24:30+00:00\",\"breadcrumb\":{\"@id\":\"https:\/\/www.akademiaslovenciny.sk\/de\/sprachschule-bratislava-lage#breadcrumb\"},\"inLanguage\":\"de\",\"potentialAction\":[{\"@type\":\"ReadAction\",\"target\":[\"https:\/\/www.akademiaslovenciny.sk\/de\/sprachschule-bratislava-lage\"]}]},{\"@type\":\"ImageObject\",\"inLanguage\":\"de\",\"@id\":\"https:\/\/www.akademiaslovenciny.sk\/de\/sprachschule-bratislava-lage#primaryimage\",\"url\":\"https:\/\/www.akademiaslovenciny.sk\/wp\/wp-content\/uploads\/2020\/02\/Sprachschule-Weg1.jpg\",\"contentUrl\":\"https:\/\/www.akademiaslovenciny.sk\/wp\/wp-content\/uploads\/2020\/02\/Sprachschule-Weg1.jpg\"},{\"@type\":\"BreadcrumbList\",\"@id\":\"https:\/\/www.akademiaslovenciny.sk\/de\/sprachschule-bratislava-lage#breadcrumb\",\"itemListElement\":[{\"@type\":\"ListItem\",\"position\":1,\"name\":\"Startseite\",\"item\":\"https:\/\/www.akademiaslovenciny.sk\/de\"},{\"@type\":\"ListItem\",\"position\":2,\"name\":\"Lage\"}]},{\"@type\":\"WebSite\",\"@id\":\"https:\/\/www.akademiaslovenciny.sk\/de\/#website\",\"url\":\"https:\/\/www.akademiaslovenciny.sk\/de\/\",\"name\":\"AkademiaSlovenciny\",\"description\":\"Kurz sloven\u010diny v Bratislave\",\"potentialAction\":[{\"@type\":\"SearchAction\",\"target\":{\"@type\":\"EntryPoint\",\"urlTemplate\":\"https:\/\/www.akademiaslovenciny.sk\/de\/?s={search_term_string}\"},\"query-input\":\"required name=search_term_string\"}],\"inLanguage\":\"de\"}]}<\/script>\n<!-- \/ Yoast SEO plugin. -->","yoast_head_json":{"title":"Lage - AkademiaSlovenciny","robots":{"index":"index","follow":"follow","max-snippet":"max-snippet:-1","max-image-preview":"max-image-preview:large","max-video-preview":"max-video-preview:-1"},"canonical":"https:\/\/www.akademiaslovenciny.sk\/de\/sprachschule-bratislava-lage","og_locale":"de_DE","og_type":"article","og_title":"Lage - AkademiaSlovenciny","og_description":"Lage Sprachschule Bratislava &nbsp; \u00d6ffnungszeiten hier Akademia Slovenciny Sprachschule f\u00fcr Slowakischkurse in Bratislava Pansk\u00e1 17 811 01 Bratislava &#8211; Star\u00e9 Mesto +421 2 38 10 14 16 &#x69;&#110;f&#x6f;&#64;a&#x6b;&#x61;&#100;&#x65;&#x6d;&#105;a&#x73;&#108;o&#x76;&#x65;&#110;&#x63;&#x69;&#110;y&#x2e;&#115;k Recommend this page (you have to allow popup-window)","og_url":"https:\/\/www.akademiaslovenciny.sk\/de\/sprachschule-bratislava-lage","og_site_name":"AkademiaSlovenciny","article_modified_time":"2020-10-19T10:24:30+00:00","og_image":[{"url":"https:\/\/www.akademiaslovenciny.sk\/wp\/wp-content\/uploads\/2020\/02\/Sprachschule-Weg1.jpg"}],"twitter_card":"summary_large_image","schema":{"@context":"https:\/\/schema.org","@graph":[{"@type":"WebPage","@id":"https:\/\/www.akademiaslovenciny.sk\/de\/sprachschule-bratislava-lage","url":"https:\/\/www.akademiaslovenciny.sk\/de\/sprachschule-bratislava-lage","name":"Lage - AkademiaSlovenciny","isPartOf":{"@id":"https:\/\/www.akademiaslovenciny.sk\/de\/#website"},"primaryImageOfPage":{"@id":"https:\/\/www.akademiaslovenciny.sk\/de\/sprachschule-bratislava-lage#primaryimage"},"image":{"@id":"https:\/\/www.akademiaslovenciny.sk\/de\/sprachschule-bratislava-lage#primaryimage"},"thumbnailUrl":"https:\/\/www.akademiaslovenciny.sk\/wp\/wp-content\/uploads\/2020\/02\/Sprachschule-Weg1.jpg","datePublished":"2018-12-14T14:01:16+00:00","dateModified":"2020-10-19T10:24:30+00:00","breadcrumb":{"@id":"https:\/\/www.akademiaslovenciny.sk\/de\/sprachschule-bratislava-lage#breadcrumb"},"inLanguage":"de","potentialAction":[{"@type":"ReadAction","target":["https:\/\/www.akademiaslovenciny.sk\/de\/sprachschule-bratislava-lage"]}]},{"@type":"ImageObject","inLanguage":"de","@id":"https:\/\/www.akademiaslovenciny.sk\/de\/sprachschule-bratislava-lage#primaryimage","url":"https:\/\/www.akademiaslovenciny.sk\/wp\/wp-content\/uploads\/2020\/02\/Sprachschule-Weg1.jpg","contentUrl":"https:\/\/www.akademiaslovenciny.sk\/wp\/wp-content\/uploads\/2020\/02\/Sprachschule-Weg1.jpg"},{"@type":"BreadcrumbList","@id":"https:\/\/www.akademiaslovenciny.sk\/de\/sprachschule-bratislava-lage#breadcrumb","itemListElement":[{"@type":"ListItem","position":1,"name":"Startseite","item":"https:\/\/www.akademiaslovenciny.sk\/de"},{"@type":"ListItem","position":2,"name":"Lage"}]},{"@type":"WebSite","@id":"https:\/\/www.akademiaslovenciny.sk\/de\/#website","url":"https:\/\/www.akademiaslovenciny.sk\/de\/","name":"AkademiaSlovenciny","description":"Kurz sloven\u010diny v Bratislave","potentialAction":[{"@type":"SearchAction","target":{"@type":"EntryPoint","urlTemplate":"https:\/\/www.akademiaslovenciny.sk\/de\/?s={search_term_string}"},"query-input":"required name=search_term_string"}],"inLanguage":"de"}]}},"_links":{"self":[{"href":"https:\/\/www.akademiaslovenciny.sk\/de\/wp-json\/wp\/v2\/pages\/177"}],"collection":[{"href":"https:\/\/www.akademiaslovenciny.sk\/de\/wp-json\/wp\/v2\/pages"}],"about":[{"href":"https:\/\/www.akademiaslovenciny.sk\/de\/wp-json\/wp\/v2\/types\/page"}],"author":[{"embeddable":true,"href":"https:\/\/www.akademiaslovenciny.sk\/de\/wp-json\/wp\/v2\/users\/1"}],"replies":[{"embeddable":true,"href":"https:\/\/www.akademiaslovenciny.sk\/de\/wp-json\/wp\/v2\/comments?post=177"}],"version-history":[{"count":9,"href":"https:\/\/www.akademiaslovenciny.sk\/de\/wp-json\/wp\/v2\/pages\/177\/revisions"}],"predecessor-version":[{"id":643,"href":"https:\/\/www.akademiaslovenciny.sk\/de\/wp-json\/wp\/v2\/pages\/177\/revisions\/643"}],"wp:attachment":[{"href":"https:\/\/www.akademiaslovenciny.sk\/de\/wp-json\/wp\/v2\/media?parent=177"}],"curies":[{"name":"wp","href":"https:\/\/api.w.org\/{rel}","templated":true}]}}