{"id":175,"date":"2018-12-14T13:54:44","date_gmt":"2018-12-14T13:54:44","guid":{"rendered":"https:\/\/www.akademiaslovenciny.sk\/wp?page_id=175"},"modified":"2022-11-28T19:14:36","modified_gmt":"2022-11-28T19:14:36","slug":"sprachschule-fuer-slowakischkurse-in-bratislava-kontakt","status":"publish","type":"page","link":"https:\/\/www.akademiaslovenciny.sk\/de\/sprachschule-fuer-slowakischkurse-in-bratislava-kontakt","title":{"rendered":"Kontakt"},"content":{"rendered":"<h1 style=\"text-align: center;\" align=\"center\">Kontakt Sprachschule in Bratislava<\/h1>\n<p>&nbsp;<\/p>\n<p>Akad\u00e9miaSloven\u010diny<br \/>\nSprachschule f\u00fcr Slowakischkurse in Bratislava<br \/>\nPansk\u00e1 17<br \/>\n811 01 Bratislava &#8211; Star\u00e9 Mesto<\/p>\n<p>Tel: +421 2 38 10 14 16<br \/>\nE-Mail: <a href=\"&#109;&#x61;&#105;&#x6c;t&#x6f;:&#105;&#x6e;&#102;&#x6f;&#64;&#x61;k&#97;&#x64;&#101;&#x6d;i&#x61;s&#108;&#x6f;&#118;&#x65;n&#x63;i&#110;&#x79;&#46;&#x73;k\">i&#110;&#102;&#x6f;&#x40;&#x61;k&#97;&#100;&#x65;&#x6d;&#x69;as&#108;&#x6f;&#x76;&#x65;nc&#105;&#110;&#x79;&#x2e;&#x73;k<\/a><\/p>\n<p><a href=\"https:\/\/www.akademiaslovenciny.sk\/de\/offnungszeiten-akademiaslovenciny\">\u00d6ffnungszeiten<\/a><\/p>\n<p>&nbsp;<\/p>\n<h2 style=\"text-align: left;\" align=\"center\">Slowakisch lernen in der Sprachschule Bratislava<\/h2>\n<p>In unserer Slowakisch-Sprachschule lernen Sie Slowakisch mitten in Bratislava. Sie finden sehr leicht zu Ihrem Slowakischkurs.<\/p>\n<p>&nbsp;<\/p>\n<p style=\"text-align: center;\"><a>Recommend this page (you have to allow popup-window)<\/a><\/p>\n","protected":false},"excerpt":{"rendered":"<p>Kontakt Sprachschule in Bratislava &nbsp; Akad\u00e9miaSloven\u010diny Sprachschule f\u00fcr Slowakischkurse in Bratislava Pansk\u00e1 17 811 01 Bratislava &#8211; Star\u00e9 Mesto Tel: +421 2 38 10 14 16 E-Mail: &#x69;&#110;f&#x6f;&#x40;&#97;k&#x61;&#x64;&#101;m&#x69;&#x61;&#115;l&#x6f;&#x76;&#101;n&#x63;&#105;&#110;y&#x2e;&#115;k \u00d6ffnungszeiten &nbsp; Slowakisch lernen in der Sprachschule Bratislava In unserer Slowakisch-Sprachschule lernen Sie Slowakisch mitten in Bratislava. Sie finden sehr leicht zu Ihrem Slowakischkurs. &nbsp; Recommend this [&hellip;]<\/p>\n","protected":false},"author":1,"featured_media":0,"parent":0,"menu_order":600,"comment_status":"closed","ping_status":"closed","template":"","meta":{"footnotes":""},"yoast_head":"<!-- This site is optimized with the Yoast SEO plugin v22.4 - https:\/\/yoast.com\/wordpress\/plugins\/seo\/ -->\n<title>Kontakt - AkademiaSlovenciny<\/title>\n<meta name=\"description\" content=\"Kontaktieren Sie Ihre Sprachschule f\u00fcr Slowakischkurse im Zentrum. Kleine Gruppen, tolle Lehrer, gute Preise, beste Qualit\u00e4t.\" \/>\n<meta name=\"robots\" content=\"index, follow, max-snippet:-1, max-image-preview:large, max-video-preview:-1\" \/>\n<link rel=\"canonical\" href=\"https:\/\/www.akademiaslovenciny.sk\/de\/sprachschule-fuer-slowakischkurse-in-bratislava-kontakt\" \/>\n<meta property=\"og:locale\" content=\"de_DE\" \/>\n<meta property=\"og:type\" content=\"article\" \/>\n<meta property=\"og:title\" content=\"Kontakt - AkademiaSlovenciny\" \/>\n<meta property=\"og:description\" content=\"Kontaktieren Sie Ihre Sprachschule f\u00fcr Slowakischkurse im Zentrum. Kleine Gruppen, tolle Lehrer, gute Preise, beste Qualit\u00e4t.\" \/>\n<meta property=\"og:url\" content=\"https:\/\/www.akademiaslovenciny.sk\/de\/sprachschule-fuer-slowakischkurse-in-bratislava-kontakt\" \/>\n<meta property=\"og:site_name\" content=\"AkademiaSlovenciny\" \/>\n<meta property=\"article:modified_time\" content=\"2022-11-28T19:14:36+00:00\" \/>\n<meta name=\"twitter:card\" content=\"summary_large_image\" \/>\n<meta name=\"twitter:label1\" content=\"Gesch\u00e4tzte Lesezeit\" \/>\n\t<meta name=\"twitter:data1\" content=\"1\u00a0Minute\" \/>\n<script type=\"application\/ld+json\" class=\"yoast-schema-graph\">{\"@context\":\"https:\/\/schema.org\",\"@graph\":[{\"@type\":\"WebPage\",\"@id\":\"https:\/\/www.akademiaslovenciny.sk\/de\/sprachschule-fuer-slowakischkurse-in-bratislava-kontakt\",\"url\":\"https:\/\/www.akademiaslovenciny.sk\/de\/sprachschule-fuer-slowakischkurse-in-bratislava-kontakt\",\"name\":\"Kontakt - AkademiaSlovenciny\",\"isPartOf\":{\"@id\":\"https:\/\/www.akademiaslovenciny.sk\/de\/#website\"},\"datePublished\":\"2018-12-14T13:54:44+00:00\",\"dateModified\":\"2022-11-28T19:14:36+00:00\",\"description\":\"Kontaktieren Sie Ihre Sprachschule f\u00fcr Slowakischkurse im Zentrum. Kleine Gruppen, tolle Lehrer, gute Preise, beste Qualit\u00e4t.\",\"breadcrumb\":{\"@id\":\"https:\/\/www.akademiaslovenciny.sk\/de\/sprachschule-fuer-slowakischkurse-in-bratislava-kontakt#breadcrumb\"},\"inLanguage\":\"de\",\"potentialAction\":[{\"@type\":\"ReadAction\",\"target\":[\"https:\/\/www.akademiaslovenciny.sk\/de\/sprachschule-fuer-slowakischkurse-in-bratislava-kontakt\"]}]},{\"@type\":\"BreadcrumbList\",\"@id\":\"https:\/\/www.akademiaslovenciny.sk\/de\/sprachschule-fuer-slowakischkurse-in-bratislava-kontakt#breadcrumb\",\"itemListElement\":[{\"@type\":\"ListItem\",\"position\":1,\"name\":\"Startseite\",\"item\":\"https:\/\/www.akademiaslovenciny.sk\/de\"},{\"@type\":\"ListItem\",\"position\":2,\"name\":\"Kontakt\"}]},{\"@type\":\"WebSite\",\"@id\":\"https:\/\/www.akademiaslovenciny.sk\/de\/#website\",\"url\":\"https:\/\/www.akademiaslovenciny.sk\/de\/\",\"name\":\"AkademiaSlovenciny\",\"description\":\"Kurz sloven\u010diny v Bratislave\",\"potentialAction\":[{\"@type\":\"SearchAction\",\"target\":{\"@type\":\"EntryPoint\",\"urlTemplate\":\"https:\/\/www.akademiaslovenciny.sk\/de\/?s={search_term_string}\"},\"query-input\":\"required name=search_term_string\"}],\"inLanguage\":\"de\"}]}<\/script>\n<!-- \/ Yoast SEO plugin. -->","yoast_head_json":{"title":"Kontakt - AkademiaSlovenciny","description":"Kontaktieren Sie Ihre Sprachschule f\u00fcr Slowakischkurse im Zentrum. Kleine Gruppen, tolle Lehrer, gute Preise, beste Qualit\u00e4t.","robots":{"index":"index","follow":"follow","max-snippet":"max-snippet:-1","max-image-preview":"max-image-preview:large","max-video-preview":"max-video-preview:-1"},"canonical":"https:\/\/www.akademiaslovenciny.sk\/de\/sprachschule-fuer-slowakischkurse-in-bratislava-kontakt","og_locale":"de_DE","og_type":"article","og_title":"Kontakt - AkademiaSlovenciny","og_description":"Kontaktieren Sie Ihre Sprachschule f\u00fcr Slowakischkurse im Zentrum. Kleine Gruppen, tolle Lehrer, gute Preise, beste Qualit\u00e4t.","og_url":"https:\/\/www.akademiaslovenciny.sk\/de\/sprachschule-fuer-slowakischkurse-in-bratislava-kontakt","og_site_name":"AkademiaSlovenciny","article_modified_time":"2022-11-28T19:14:36+00:00","twitter_card":"summary_large_image","twitter_misc":{"Gesch\u00e4tzte Lesezeit":"1\u00a0Minute"},"schema":{"@context":"https:\/\/schema.org","@graph":[{"@type":"WebPage","@id":"https:\/\/www.akademiaslovenciny.sk\/de\/sprachschule-fuer-slowakischkurse-in-bratislava-kontakt","url":"https:\/\/www.akademiaslovenciny.sk\/de\/sprachschule-fuer-slowakischkurse-in-bratislava-kontakt","name":"Kontakt - AkademiaSlovenciny","isPartOf":{"@id":"https:\/\/www.akademiaslovenciny.sk\/de\/#website"},"datePublished":"2018-12-14T13:54:44+00:00","dateModified":"2022-11-28T19:14:36+00:00","description":"Kontaktieren Sie Ihre Sprachschule f\u00fcr Slowakischkurse im Zentrum. Kleine Gruppen, tolle Lehrer, gute Preise, beste Qualit\u00e4t.","breadcrumb":{"@id":"https:\/\/www.akademiaslovenciny.sk\/de\/sprachschule-fuer-slowakischkurse-in-bratislava-kontakt#breadcrumb"},"inLanguage":"de","potentialAction":[{"@type":"ReadAction","target":["https:\/\/www.akademiaslovenciny.sk\/de\/sprachschule-fuer-slowakischkurse-in-bratislava-kontakt"]}]},{"@type":"BreadcrumbList","@id":"https:\/\/www.akademiaslovenciny.sk\/de\/sprachschule-fuer-slowakischkurse-in-bratislava-kontakt#breadcrumb","itemListElement":[{"@type":"ListItem","position":1,"name":"Startseite","item":"https:\/\/www.akademiaslovenciny.sk\/de"},{"@type":"ListItem","position":2,"name":"Kontakt"}]},{"@type":"WebSite","@id":"https:\/\/www.akademiaslovenciny.sk\/de\/#website","url":"https:\/\/www.akademiaslovenciny.sk\/de\/","name":"AkademiaSlovenciny","description":"Kurz sloven\u010diny v Bratislave","potentialAction":[{"@type":"SearchAction","target":{"@type":"EntryPoint","urlTemplate":"https:\/\/www.akademiaslovenciny.sk\/de\/?s={search_term_string}"},"query-input":"required name=search_term_string"}],"inLanguage":"de"}]}},"_links":{"self":[{"href":"https:\/\/www.akademiaslovenciny.sk\/de\/wp-json\/wp\/v2\/pages\/175"}],"collection":[{"href":"https:\/\/www.akademiaslovenciny.sk\/de\/wp-json\/wp\/v2\/pages"}],"about":[{"href":"https:\/\/www.akademiaslovenciny.sk\/de\/wp-json\/wp\/v2\/types\/page"}],"author":[{"embeddable":true,"href":"https:\/\/www.akademiaslovenciny.sk\/de\/wp-json\/wp\/v2\/users\/1"}],"replies":[{"embeddable":true,"href":"https:\/\/www.akademiaslovenciny.sk\/de\/wp-json\/wp\/v2\/comments?post=175"}],"version-history":[{"count":11,"href":"https:\/\/www.akademiaslovenciny.sk\/de\/wp-json\/wp\/v2\/pages\/175\/revisions"}],"predecessor-version":[{"id":639,"href":"https:\/\/www.akademiaslovenciny.sk\/de\/wp-json\/wp\/v2\/pages\/175\/revisions\/639"}],"wp:attachment":[{"href":"https:\/\/www.akademiaslovenciny.sk\/de\/wp-json\/wp\/v2\/media?parent=175"}],"curies":[{"name":"wp","href":"https:\/\/api.w.org\/{rel}","templated":true}]}}